{"id":1403,"date":"2024-03-01T00:15:28","date_gmt":"2024-03-01T00:15:28","guid":{"rendered":"http:\/\/sahin.rateltech.com\/?page_id=1403"},"modified":"2024-03-08T15:27:43","modified_gmt":"2024-03-08T15:27:43","slug":"1403-2","status":"publish","type":"page","link":"https:\/\/sahin.rateltech.com\/index.php\/1403-2\/","title":{"rendered":"V\u0130ZYONUMUZ VE KAL\u0130TE POL\u0130T\u0130KAMIZ"},"content":{"rendered":"<div class=\"wpb-content-wrapper\"><p>[vc_row][vc_column][vc_single_image image=&#8221;1501&#8243; img_size=&#8221;full&#8221;][vc_empty_space][\/vc_column][\/vc_row][vc_row][vc_column][vc_column_text]<\/p>\n<p class=\"p1\"><b>Vizyonumuz<\/b><\/p>\n<p class=\"p1\">Vizyonumuz, denizlerimizin zengin biyo\u00e7e\u015fitlili\u011fini koruyarak, 2030 y\u0131l\u0131na kadar, \u00fclkemizde s\u00fcrd\u00fcr\u00fclebilir bal\u0131k\u00e7\u0131l\u0131\u011f\u0131n ve su \u00fcr\u00fcnleri ihracat\u0131n\u0131n \u00f6nc\u00fclerinden olmak ve sekt\u00f6r\u00fcm\u00fczde k\u00fcresel d\u00fczeyde s\u00f6z sahibi olmakt\u0131r.<\/p>\n<p class=\"p1\"><b>Kalite Politikam\u0131z\u00a0<\/b><\/p>\n<p class=\"p2\"><span class=\"s1\">\u015eahin Grup, bal\u0131k\u00e7\u0131l\u0131k ve yeti\u015ftiricilik kaynakl\u0131 sa\u011flad\u0131\u011f\u0131 b\u00fct\u00fcn \u00fcr\u00fcnlerin, maksimum hijyen ve kalite kos\u0327ullar\u0131nda temin edilmesini, is\u0327lenmesini, paketlenmesini ve t\u00fcketicilere ulas\u0327t\u0131r\u0131lmas\u0131n\u0131 taahh\u00fct etmektedir. <\/span><b>ISO 9001:2015 (Kalite Y\u00f6netim Sistemi)<\/b>\u00a0ve <b>ISO 22000:2005 (G\u0131da G\u00fcvenli\u011fi Y\u00f6netim Sistemi)<\/b>\u00a0gibi uluslararas\u0131 kalite standartlar\u0131n\u0131 (HACCP) b\u00fct\u00fcn a\u015famalar\u0131nda uygulay\u0131p uzun vadeli kurumsalla\u015fm\u0131\u015f m\u00fc\u015fteri memnuniyeti hedeflemektedir.<\/p>\n<p>[\/vc_column_text][vc_empty_space height=&#8221;50px&#8221;][\/vc_column][\/vc_row][vc_row][vc_column width=&#8221;1\/3&#8243;][vc_media_grid element_width=&#8221;12&#8243; gap=&#8221;10&#8243; item=&#8221;masonryMedia_SlideTop&#8221; grid_id=&#8221;vc_gid:1709911387383-8d8d8fdb44b004853941bc6d59340fb2-8&#8243; include=&#8221;2337&#8243;][\/vc_column][vc_column width=&#8221;1\/3&#8243;][vc_media_grid element_width=&#8221;12&#8243; item=&#8221;masonryMedia_SlideTop&#8221; grid_id=&#8221;vc_gid:1709911457454-aa9c23df-359d-1&#8243; include=&#8221;2337&#8243;][\/vc_column][vc_column width=&#8221;1\/3&#8243;][vc_media_grid element_width=&#8221;12&#8243; item=&#8221;masonryMedia_SlideTop&#8221; grid_id=&#8221;vc_gid:1709911474183-eb46d6e6-c27c-1&#8243; include=&#8221;2336&#8243;][\/vc_column][\/vc_row]<\/p>\n<\/div>","protected":false},"excerpt":{"rendered":"<p>[vc_row][vc_column][vc_single_image image=&#8221;1501&#8243; img_size=&#8221;full&#8221;][vc_empty_space][\/vc_column][\/vc_row][vc_row][vc_column][vc_column_text] Vizyonumuz Vizyonumuz, denizlerimizin zengin biyo\u00e7e\u015fitlili\u011fini koruyarak, 2030 y\u0131l\u0131na kadar, \u00fclkemizde s\u00fcrd\u00fcr\u00fclebilir bal\u0131k\u00e7\u0131l\u0131\u011f\u0131n ve su \u00fcr\u00fcnleri ihracat\u0131n\u0131n \u00f6nc\u00fclerinden olmak ve sekt\u00f6r\u00fcm\u00fczde k\u00fcresel d\u00fczeyde s\u00f6z sahibi olmakt\u0131r. Kalite Politikam\u0131z\u00a0 \u015eahin Grup, bal\u0131k\u00e7\u0131l\u0131k&#8230;<\/p>\n","protected":false},"author":1,"featured_media":0,"parent":0,"menu_order":0,"comment_status":"closed","ping_status":"closed","template":"","meta":{"inline_featured_image":false,"footnotes":""},"class_list":["post-1403","page","type-page","status-publish","hentry"],"_links":{"self":[{"href":"https:\/\/sahin.rateltech.com\/index.php\/wp-json\/wp\/v2\/pages\/1403","targetHints":{"allow":["GET"]}}],"collection":[{"href":"https:\/\/sahin.rateltech.com\/index.php\/wp-json\/wp\/v2\/pages"}],"about":[{"href":"https:\/\/sahin.rateltech.com\/index.php\/wp-json\/wp\/v2\/types\/page"}],"author":[{"embeddable":true,"href":"https:\/\/sahin.rateltech.com\/index.php\/wp-json\/wp\/v2\/users\/1"}],"replies":[{"embeddable":true,"href":"https:\/\/sahin.rateltech.com\/index.php\/wp-json\/wp\/v2\/comments?post=1403"}],"version-history":[{"count":10,"href":"https:\/\/sahin.rateltech.com\/index.php\/wp-json\/wp\/v2\/pages\/1403\/revisions"}],"predecessor-version":[{"id":2340,"href":"https:\/\/sahin.rateltech.com\/index.php\/wp-json\/wp\/v2\/pages\/1403\/revisions\/2340"}],"wp:attachment":[{"href":"https:\/\/sahin.rateltech.com\/index.php\/wp-json\/wp\/v2\/media?parent=1403"}],"curies":[{"name":"wp","href":"https:\/\/api.w.org\/{rel}","templated":true}]}}