{"id":1515,"date":"2024-03-01T09:28:40","date_gmt":"2024-03-01T09:28:40","guid":{"rendered":"http:\/\/sahin.rateltech.com\/?page_id=1515"},"modified":"2024-03-09T09:55:42","modified_gmt":"2024-03-09T09:55:42","slug":"1515-2","status":"publish","type":"page","link":"https:\/\/sahin.rateltech.com\/index.php\/1515-2\/","title":{"rendered":"FAAL\u0130YET ALANLARI"},"content":{"rendered":"<div class=\"wpb-content-wrapper\"><p>[vc_row][vc_column width=&#8221;1\/2&#8243;][vc_column_text]<strong>BALIK\u00c7ILIK<\/strong><\/p>\n<p>Akdeniz, Ege Denizi ve Karadeniz\u2019de faaliyet g\u00f6steren 100 den fazla anla\u015fmal\u0131 g\u0131rg\u0131r ve trol bal\u0131k\u00e7\u0131 tekneleri vas\u0131tas\u0131yla elde edilen y\u00fczey, orta su ve dip su \u00fcr\u00fcnleri t\u00fcrleri, ilk tazeli\u011fini koruyarak so\u011fuk zincir e\u015fli\u011finde, sistemle\u015fmi\u015f pazarlama kanallar\u0131yla son t\u00fcketiciye kadar ula\u015ft\u0131r\u0131lmaktad\u0131r. \u00c7\u00f6z\u00fcm orta\u011f\u0131 bal\u0131k\u00e7\u0131 tekneleri, gerek Avrupa Birli\u011fi, gerekse G\u0131da, Tar\u0131m ve Orman Bakanl\u0131\u011f\u0131 kanun ve y\u00f6netmeliklerine uygunluk arz etmekte, b\u00fct\u00fcn bal\u0131k\u00e7\u0131l\u0131k operasyonlar\u0131 s\u0131f\u0131r at\u0131k ve optimum boy ve miktarda avc\u0131l\u0131k prensibiyle s\u00fcrd\u00fcr\u00fclebilir formatta ger\u00e7ekle\u015fmektedir. \u00d6zellikle yo\u011fun \u00fcretilen hamsi ve sardalya bal\u0131klar\u0131n\u0131n ana tedarik\u00e7isi olan \u015eahin Grup, s\u00fcrd\u00fcr\u00fclebilir bal\u0131k\u00e7\u0131l\u0131k ilkelerinin uygulay\u0131c\u0131s\u0131 olarak T\u00fcrkiye bal\u0131k\u00e7\u0131l\u0131\u011f\u0131na \u00f6nemli katk\u0131 sa\u011flamaktad\u0131r.[\/vc_column_text][\/vc_column][vc_column width=&#8221;1\/2&#8243;][vc_empty_space height=&#8221;50px&#8221;][vc_single_image image=&#8221;1530&#8243; img_size=&#8221;full&#8221;][\/vc_column][vc_column][vc_empty_space][\/vc_column][\/vc_row][vc_row][vc_column width=&#8221;1\/2&#8243;][vc_column_text]<strong>TOPTAN SATI\u015e (\u0130ZM\u0130R SU \u00dcR\u00dcNLER\u0130 HAL\u0130)<\/strong><\/p>\n<p class=\"p1\">\u015eahin Grup\u2019un b\u00fcy\u00fcmesindeki en b\u00fcy\u00fck itici g\u00fc\u00e7, avlanan su \u00fcr\u00fcnlerinin toptan pazarland\u0131\u011f\u0131 Su \u00dcr\u00fcnleri Hali\u2019nde y\u00fcr\u00fctt\u00fc\u011f\u00fc faaliyetleridir. 20 y\u0131ldan beri, ayn\u0131 g\u00fcn i\u00e7inde 102 bal\u0131k\u00e7\u0131 teknesinden gelen, farkl\u0131 say\u0131da ve miktarda su \u00fcr\u00fcn\u00fcn\u00fcn Hal sistemi i\u00e7inde k\u0131sa s\u00fcrede pazarlanmas\u0131yla kazan\u0131lan pratik refleks, so\u011fuk hava depolar\u0131 ve \u0130\u015fleme Tesisiyle entegre edilmi\u015f ve \u015eahin Grup&#8217;u, ayn\u0131 anda farkl\u0131 t\u00fcrleri tedarik eden en b\u00fcy\u00fck \u015firketi haline getirmi\u015ftir.<\/p>\n<p>[\/vc_column_text][\/vc_column][vc_column width=&#8221;1\/2&#8243;][vc_single_image image=&#8221;1531&#8243; img_size=&#8221;full&#8221;][\/vc_column][vc_column][vc_empty_space][\/vc_column][\/vc_row][vc_row][vc_column width=&#8221;1\/2&#8243;][vc_column_text]<strong>SO\u011eUK HAVA DEPOLAMA H\u0130ZMETLER\u0130<\/strong><\/p>\n<p>\u015eahin Grup b\u00fcnyesinde faaliyet g\u00f6steren, \u0130zmir Su \u00dcr\u00fcnleri Hali yak\u0131n\u0131nda en b\u00fcy\u00fck hacime sahip (21750 m3) sahip so\u011fuk hava depolar\u0131yla di\u011fer bal\u0131k firmalar\u0131na \u00f6nemli bir hizmet verilmektedir. Sadece kendi \u00fcr\u00fcnleri de\u011fil, Su \u00dcr\u00fcnleri Hali\u2019nde ticaret yapan y\u00fczlerce \u015firkete ait \u00fcr\u00fcnlerin tazeliklerini de so\u011fuk zinciri k\u0131rmadan korumak \u015eahin Bal\u0131k\u00e7\u0131l\u0131k i\u00e7in \u00f6nemli bir sorumluluk hedefidir. B\u00f6ylece, bozulmaya \u00e7ok yatk\u0131n olan su \u00fcr\u00fcnleri, Su \u00dcr\u00fcnleri Hali\u2019nden getirilip muhafaza alt\u0131na al\u0131nmakta ve sofralara tazeli\u011fi bozulmadan ula\u015ft\u0131r\u0131lmaktad\u0131r.[\/vc_column_text][\/vc_column][vc_column width=&#8221;1\/2&#8243;][vc_single_image image=&#8221;1534&#8243; img_size=&#8221;full&#8221;][\/vc_column][vc_column][vc_empty_space][\/vc_column][\/vc_row][vc_row][vc_column width=&#8221;1\/2&#8243;][vc_column_text]<strong>\u0130\u015eLEME VE PAKETLEME TES\u0130S\u0130 <\/strong><\/p>\n<p class=\"p1\">\u015eahin Grup b\u00fcnyesindeki Bal\u0131k \u0130\u015fleme ve Paketleme Tesisi \u0130zmir \u0130li, Buca \u0130l\u00e7esi\u2019nde Su \u00dcr\u00fcnleri Hali b\u00f6lgesinde bulunmaktad\u0131r. Tesisimiz, ulusal ve uluslararas\u0131 g\u0131da g\u00fcvenlik kriterlerine (T\u00fcrk G\u0131da Kodeksi Y\u00f6netmeli\u011fi ve Codex Alimentaris Comission) uygun, AB taraf\u0131ndan sa\u011fl\u0131k onay numaras\u0131na sahiptir. So\u011fuk zincirin sofralara kadar korundu\u011funu garanti eden \u015eahin Grup, ISO 9001 Kalite ve HACCP ile ISO 22000 G\u0131da G\u00fcvenli\u011fi Y\u00f6netim Sistemi standartlar\u0131 sertifikalar\u0131na sahiptir.<\/p>\n<p class=\"p1\">\u0130\u015fleme ve Paketleme Tesisi\u2019ne kabul edilen \u00fcr\u00fcnler, istenen ebatlara g\u00f6re boylan\u0131p paketlenir. Vide veya fileto yap\u0131lan \u00fcr\u00fcnler ile di\u011fer b\u00fct\u00fcn su \u00fcr\u00fcnleri, talebe g\u00f6re taze so\u011futulmu\u015f veya dondurulmu\u015f olarak paketlenir ve depolan\u0131r. Ambalaj ve paketleme i\u015flemleri, taze, donuk, MAP (Modified Atmosphere Packed) ve kutulu olarak yap\u0131lmaktad\u0131r.<\/p>\n<p class=\"p2\">B\u00fct\u00fcn \u00fcretim a\u015famalar\u0131, sorumlu Su \u00dcr\u00fcnleri M\u00fchendisleri ve G\u0131da M\u00fchendisleri taraf\u0131ndan kontrol edilmekte ve kay\u0131t alt\u0131na al\u0131nmaktad\u0131r.Tesiste, taze \u00fcr\u00fcnler i\u00e7in sert strafor k\u00f6p\u00fck (EPS) olan paketler kullan\u0131lmaktad\u0131r. Donuk \u00fcr\u00fcnler i\u00e7in de g\u0131da g\u00fcvenli\u011fine uygun sertifikalara sahip karton koliler kullan\u0131lmaktad\u0131r.<\/p>\n<p>[\/vc_column_text][\/vc_column][vc_column width=&#8221;1\/2&#8243;][vc_single_image image=&#8221;1536&#8243; img_size=&#8221;full&#8221;][\/vc_column][vc_column][vc_empty_space][\/vc_column][\/vc_row][vc_row][vc_column width=&#8221;1\/2&#8243;][vc_column_text]<strong>M\u0130DYE \u00c7\u0130FTL\u0130\u011e\u0130<\/strong><\/p>\n<p class=\"p1\">\u00a02023 y\u0131l\u0131nda \u0130zmir ili Urla il\u00e7esi \u00d6zbek beldesinde, optimum su kalitesine sahip 10000 m2 alanda 1000 ton kapasiteli midye \u00e7iftli\u011fi faaliyete ge\u00e7mi\u015f olup y\u00fcksek verimlilikte kara midye \u00fcretimi ger\u00e7ekle\u015ftirilmektedir. Hasat a\u015famas\u0131na gelen midyeler modernize edilmi\u015f operasyon teknelerinde tasnif edilip paketlenmekte. Ve i\u00e7 piyasaya sunulmaktad\u0131r. Ayn\u0131 zamanda \u015eahin Grup b\u00fcnyesindeki i\u015fleme tesisindeki ha\u015flama \u00fcnitesinde \u0131s\u0131l i\u015flemden ge\u00e7irilen midye etleri donuk \u015fekilde paketlenip ihra\u00e7 edilmektedir.<\/p>\n<p>[\/vc_column_text][\/vc_column][vc_column width=&#8221;1\/2&#8243;][vc_single_image image=&#8221;2344&#8243; img_size=&#8221;full&#8221;][\/vc_column][\/vc_row][vc_row][vc_column width=&#8221;1\/2&#8243;][vc_column_text]&nbsp;<\/p>\n<p>&nbsp;<\/p>\n<p><strong>FISHMATE (AVRUPA OPERASYON MERKEZ\u0130)<\/strong><\/p>\n<p class=\"p1\">\u015eahin Grup b\u00fcnyesinde \u00fcretilen b\u00fct\u00fcn \u00fcr\u00fcnlerimiz, 2023 y\u0131l\u0131nda Bel\u00e7ika&#8217;da kurulan partner firmam\u0131z Fishmate arac\u0131l\u0131\u011f\u0131yla b\u00fct\u00fcn Avrupa&#8217;ya taze \u015fekilde da\u011f\u0131t\u0131lmaktad\u0131r.<\/p>\n<p>[\/vc_column_text][\/vc_column][vc_column width=&#8221;1\/2&#8243;][vc_single_image image=&#8221;1537&#8243; img_size=&#8221;full&#8221;][\/vc_column][\/vc_row]<\/p>\n<\/div>","protected":false},"excerpt":{"rendered":"<p>[vc_row][vc_column width=&#8221;1\/2&#8243;][vc_column_text]BALIK\u00c7ILIK Akdeniz, Ege Denizi ve Karadeniz\u2019de faaliyet g\u00f6steren 100 den fazla anla\u015fmal\u0131 g\u0131rg\u0131r ve trol bal\u0131k\u00e7\u0131 tekneleri vas\u0131tas\u0131yla elde edilen y\u00fczey, orta su ve dip su \u00fcr\u00fcnleri t\u00fcrleri, ilk tazeli\u011fini koruyarak so\u011fuk&#8230;<\/p>\n","protected":false},"author":1,"featured_media":0,"parent":0,"menu_order":0,"comment_status":"closed","ping_status":"closed","template":"","meta":{"inline_featured_image":false,"footnotes":""},"class_list":["post-1515","page","type-page","status-publish","hentry"],"_links":{"self":[{"href":"https:\/\/sahin.rateltech.com\/index.php\/wp-json\/wp\/v2\/pages\/1515","targetHints":{"allow":["GET"]}}],"collection":[{"href":"https:\/\/sahin.rateltech.com\/index.php\/wp-json\/wp\/v2\/pages"}],"about":[{"href":"https:\/\/sahin.rateltech.com\/index.php\/wp-json\/wp\/v2\/types\/page"}],"author":[{"embeddable":true,"href":"https:\/\/sahin.rateltech.com\/index.php\/wp-json\/wp\/v2\/users\/1"}],"replies":[{"embeddable":true,"href":"https:\/\/sahin.rateltech.com\/index.php\/wp-json\/wp\/v2\/comments?post=1515"}],"version-history":[{"count":24,"href":"https:\/\/sahin.rateltech.com\/index.php\/wp-json\/wp\/v2\/pages\/1515\/revisions"}],"predecessor-version":[{"id":2513,"href":"https:\/\/sahin.rateltech.com\/index.php\/wp-json\/wp\/v2\/pages\/1515\/revisions\/2513"}],"wp:attachment":[{"href":"https:\/\/sahin.rateltech.com\/index.php\/wp-json\/wp\/v2\/media?parent=1515"}],"curies":[{"name":"wp","href":"https:\/\/api.w.org\/{rel}","templated":true}]}}