{"id":1552,"date":"2024-03-01T12:07:15","date_gmt":"2024-03-01T12:07:15","guid":{"rendered":"http:\/\/sahin.rateltech.com\/?page_id=1552"},"modified":"2024-03-09T11:52:26","modified_gmt":"2024-03-09T11:52:26","slug":"surdurulebilirlik","status":"publish","type":"page","link":"https:\/\/sahin.rateltech.com\/index.php\/surdurulebilirlik\/","title":{"rendered":"S\u00dcRD\u00dcR\u00dcLEB\u0130L\u0130RL\u0130K"},"content":{"rendered":"<div class=\"wpb-content-wrapper\"><p>[vc_row][vc_column width=&#8221;1\/2&#8243;][vc_single_image image=&#8221;1555&#8243; img_size=&#8221;full&#8221;][\/vc_column][vc_column width=&#8221;1\/2&#8243;][vc_empty_space][vc_column_text]<\/p>\n<p class=\"p1\"><span class=\"s1\">Gerek bal\u0131k\u00e7\u0131l\u0131k, gerekse yeti\u015ftiricilik \u00fcr\u00fcnlerini i\u015fleyip pazarlayan \u015eahin Grup, b\u00fct\u00fcn <\/span>\u00fcretim s\u00fcre\u00e7lerinde \u00e7evre ve tar\u0131m mevzuatlar\u0131na uymay\u0131 taahh\u00fct etmi\u015f olup gerekli b\u00fct\u00fcn yasal y\u00fck\u00fcml\u00fcl\u00fcklerini eksiksiz yerine getirmektedir.<\/p>\n<p class=\"p2\">Grubumuz, 100\u2019den fazla bal\u0131k\u00e7\u0131 teknesiyle su \u00fcr\u00fcnleri \u00fcretimi ger\u00e7ekle\u015ftirmekte, b\u00fct\u00fcn s\u00fcre\u00e7lerde, s\u00fcrd\u00fcr\u00fclebilirlik ve s\u0131f\u0131r at\u0131k ilkelerini esas almaktad\u0131r.<\/p>\n<p class=\"p2\">&#8211; Bal\u0131k\u00e7\u0131 tekneleri \u00e7evre mevzuat\u0131na uygun olarak at\u0131k b\u0131rakmamaktad\u0131r.<\/p>\n<p class=\"p2\">&#8211; Tekneler, tar\u0131m mevzuat\u0131 \u00e7er\u00e7evesinde a\u015f\u0131r\u0131 avc\u0131l\u0131k yapmamakta, avc\u0131l\u0131kta \u00fcr\u00fcn boyutlar\u0131na riayet etmektedir.<\/p>\n<p class=\"p2\">&#8211; Avlanan \u00fcr\u00fcnler geri d\u00f6n\u00fc\u015f\u00fcml\u00fc kutulara paketlenmektedir.<\/p>\n<p class=\"p2\">&#8211; \u0130\u015fleme tesisinde \u00fcretilen su \u00fcr\u00fcnleri at\u0131klar\u0131 yem hammaddesi \u00fcreten fabrikalara iletilmektedir.<\/p>\n<p>[\/vc_column_text][\/vc_column][\/vc_row]<\/p>\n<\/div>","protected":false},"excerpt":{"rendered":"<p>[vc_row][vc_column width=&#8221;1\/2&#8243;][vc_single_image image=&#8221;1555&#8243; img_size=&#8221;full&#8221;][\/vc_column][vc_column width=&#8221;1\/2&#8243;][vc_empty_space][vc_column_text] Gerek bal\u0131k\u00e7\u0131l\u0131k, gerekse yeti\u015ftiricilik \u00fcr\u00fcnlerini i\u015fleyip pazarlayan \u015eahin Grup, b\u00fct\u00fcn \u00fcretim s\u00fcre\u00e7lerinde \u00e7evre ve tar\u0131m mevzuatlar\u0131na uymay\u0131 taahh\u00fct etmi\u015f olup gerekli b\u00fct\u00fcn yasal y\u00fck\u00fcml\u00fcl\u00fcklerini eksiksiz yerine getirmektedir. Grubumuz,&#8230;<\/p>\n","protected":false},"author":1,"featured_media":0,"parent":0,"menu_order":0,"comment_status":"closed","ping_status":"closed","template":"","meta":{"inline_featured_image":false,"footnotes":""},"class_list":["post-1552","page","type-page","status-publish","hentry"],"_links":{"self":[{"href":"https:\/\/sahin.rateltech.com\/index.php\/wp-json\/wp\/v2\/pages\/1552","targetHints":{"allow":["GET"]}}],"collection":[{"href":"https:\/\/sahin.rateltech.com\/index.php\/wp-json\/wp\/v2\/pages"}],"about":[{"href":"https:\/\/sahin.rateltech.com\/index.php\/wp-json\/wp\/v2\/types\/page"}],"author":[{"embeddable":true,"href":"https:\/\/sahin.rateltech.com\/index.php\/wp-json\/wp\/v2\/users\/1"}],"replies":[{"embeddable":true,"href":"https:\/\/sahin.rateltech.com\/index.php\/wp-json\/wp\/v2\/comments?post=1552"}],"version-history":[{"count":5,"href":"https:\/\/sahin.rateltech.com\/index.php\/wp-json\/wp\/v2\/pages\/1552\/revisions"}],"predecessor-version":[{"id":1554,"href":"https:\/\/sahin.rateltech.com\/index.php\/wp-json\/wp\/v2\/pages\/1552\/revisions\/1554"}],"wp:attachment":[{"href":"https:\/\/sahin.rateltech.com\/index.php\/wp-json\/wp\/v2\/media?parent=1552"}],"curies":[{"name":"wp","href":"https:\/\/api.w.org\/{rel}","templated":true}]}}