{"id":1712,"date":"2024-03-06T07:26:33","date_gmt":"2024-03-06T07:26:33","guid":{"rendered":"https:\/\/sahin.rateltech.com\/?page_id=1712"},"modified":"2024-03-09T14:49:14","modified_gmt":"2024-03-09T14:49:14","slug":"sardalya","status":"publish","type":"page","link":"https:\/\/sahin.rateltech.com\/index.php\/sardalya\/","title":{"rendered":"SARDALYA"},"content":{"rendered":"<div class=\"wpb-content-wrapper\"><p>[vc_row][vc_column width=&#8221;1\/2&#8243;][vc_empty_space height=&#8221;50px&#8221;][vc_column_text]\t\t<div class=\"fotorama responsive-image-silder\"\r\n\t\t\tdata-width=0\t\t\t\t\t\t\t\t\tdata-height=\"\"\t\t\t\t\t\t\t\t\t\t\t\t\t\t\t\t\t\tdata-nav=thumbs\t\t\t\t\t\tdata-navposition=bottom\t\t\t\t\t\t\t\t\t\t\t\tdata-thumbborderwidth=3\t\t\tdata-allowfullscreen=true\t\t\tdata-fit=scaledown\t\t\tdata-thumbfit=cover\t\t\tdata-transition=crossfade\t\t\tdata-click=true\t\t\tdata-transitionduration=300\t\t\tfalse\t\t\ttitle\t\t\tdata-hash=false\t\t\tdata-autoplay=true\t\t\tdata-stopautoplayontouch=false\t\t\tdata-loop=true\t\t\tdata-keyboard=true\t\t\tdata-arrows=true\t\t\tdata-click=true\t\t\tdata-swipe=true\t\t\tdata-trackpad=true\t\t\tdata-shuffle=false\t\t\tdata-direction=ltr\t\t\tdata-spinner=true\t\t\t>\r\n\t\t\t<img decoding=\"async\" src=\"https:\/\/sahin.rateltech.com\/wp-content\/uploads\/2024\/03\/Basliksiz-1_Calisma-Yuzeyi-1.webp\" data-caption=\"\" alt=\"1\"><img decoding=\"async\" src=\"https:\/\/sahin.rateltech.com\/wp-content\/uploads\/2024\/03\/Basliksiz-1-05.webp\" data-caption=\"\" alt=\"2\"><img decoding=\"async\" src=\"https:\/\/sahin.rateltech.com\/wp-content\/uploads\/2024\/03\/Basliksiz-1-04.webp\" data-caption=\"\" alt=\"3\"><img decoding=\"async\" src=\"https:\/\/sahin.rateltech.com\/wp-content\/uploads\/2024\/03\/Basliksiz-1-03.webp\" data-caption=\"\" alt=\"4\"><img decoding=\"async\" src=\"https:\/\/sahin.rateltech.com\/wp-content\/uploads\/2024\/03\/Basliksiz-1-02.webp\" data-caption=\"\" alt=\"5\">\t\t<\/div>\r\n\t\t\t<!-- HTML Script Part Start From Here-->\r\n\t<script>\r\n\tjQuery(document).ready(function() {\r\n\t\tjQuery(function () {\r\n\t\t\tjQuery('.responsive-image-silder').fotorama({\r\n\t\t\t\tspinner: {\r\n\t\t\t\t\tlines: 13,\r\n\t\t\t\t\tcolor: 'rgba(0, 0, 0, .75)',\r\n\t\t\t\t\tclassName: 'fotorama',\r\n\t\t\t\t},\r\n\t\t\t\t\t\t\t\tautoplay : 5000,\r\n\t\t\t\t\t\t\t});\r\n\t\t});\r\n\t\t\r\n\t\tjQuery('.fotorama__stage').addClass('hvr-grow');\r\n\t});\r\n\t<\/script>\r\n\t[\/vc_column_text][vc_empty_space height=&#8221;10px&#8221;][\/vc_column][vc_column width=&#8221;1\/2&#8243;][vc_column_text]<strong>Ticari Ad\u0131:<\/strong>\u00a0Sardalya<\/p>\n<p><strong>Bilimsel Ad\u0131:<\/strong>\u00a0Sardina pilchardus<\/p>\n<p><strong>Aile:<\/strong>\u00a0Clupeidae<\/p>\n<p><strong>Yakalama Alan\u0131:<\/strong>\u00a0The Food and Agriculture Organization (FAO) 37.3.1, 37.4.1 &amp; 37.4.2<\/p>\n<p><strong>Bal\u0131k\u00e7\u0131l\u0131k Y\u00f6ntemi:<\/strong>\u00a0GIRGIR<\/p>\n<p><strong>Yakalama Sezonu:<\/strong>\u00a0Eyl\u00fcl &#8211; Nisan<\/p>\n<p><strong>Teslimat Kapasitesi:<\/strong>\u00a0Y\u0131lda 1000 ton<\/p>\n<p><strong>Mevcut Boyut:\u00a0<\/strong>50\/55 ve 55\/65 ppk<\/p>\n<p><strong>Kullan\u0131labilir Format:<\/strong>\u00a0B\u00fct\u00fcn, Kafas\u0131 Al\u0131nm\u0131\u015f, Fileto ve Marine edilmi\u015f<\/p>\n<p><strong>Dondurulmu\u015f Tip:<\/strong>\u00a0Blok ve Individual Quick Frozen (IQF)<\/p>\n<p><strong>Glaze:<\/strong>% 5, 10, 20 veya m\u00fc\u015fterinin iste\u011fine g\u00f6re<\/p>\n<p><strong>\u015eu \u015eekilde Mevcuttur:<\/strong>\u00a0500g &#8211; 20kg PP, PE torba, Tepsi ve Kraft karton kutu veya m\u00fc\u015fterinin iste\u011fine g\u00f6re<\/p>\n<p><strong>Besin De\u011ferleri:<\/strong>\u00a0100g Kalori: 207, Ya\u011f: 9.4g, Karb: 0g, Protein: 17.1g[\/vc_column_text][\/vc_column][vc_column][vc_empty_space][\/vc_column][\/vc_row]<\/p>\n<\/div>","protected":false},"excerpt":{"rendered":"<p>[vc_row][vc_column width=&#8221;1\/2&#8243;][vc_empty_space height=&#8221;50px&#8221;][vc_column_text][\/vc_column_text][vc_empty_space height=&#8221;10px&#8221;][\/vc_column][vc_column width=&#8221;1\/2&#8243;][vc_column_text]Ticari Ad\u0131:\u00a0Sardalya Bilimsel Ad\u0131:\u00a0Sardina pilchardus Aile:\u00a0Clupeidae Yakalama Alan\u0131:\u00a0The Food and Agriculture Organization (FAO) 37.3.1, 37.4.1 &amp; 37.4.2 Bal\u0131k\u00e7\u0131l\u0131k Y\u00f6ntemi:\u00a0GIRGIR Yakalama Sezonu:\u00a0Eyl\u00fcl &#8211; Nisan Teslimat Kapasitesi:\u00a0Y\u0131lda 1000 ton Mevcut Boyut:\u00a050\/55&#8230;<\/p>\n","protected":false},"author":1,"featured_media":0,"parent":0,"menu_order":0,"comment_status":"closed","ping_status":"closed","template":"","meta":{"inline_featured_image":false,"footnotes":""},"class_list":["post-1712","page","type-page","status-publish","hentry"],"_links":{"self":[{"href":"https:\/\/sahin.rateltech.com\/index.php\/wp-json\/wp\/v2\/pages\/1712","targetHints":{"allow":["GET"]}}],"collection":[{"href":"https:\/\/sahin.rateltech.com\/index.php\/wp-json\/wp\/v2\/pages"}],"about":[{"href":"https:\/\/sahin.rateltech.com\/index.php\/wp-json\/wp\/v2\/types\/page"}],"author":[{"embeddable":true,"href":"https:\/\/sahin.rateltech.com\/index.php\/wp-json\/wp\/v2\/users\/1"}],"replies":[{"embeddable":true,"href":"https:\/\/sahin.rateltech.com\/index.php\/wp-json\/wp\/v2\/comments?post=1712"}],"version-history":[{"count":19,"href":"https:\/\/sahin.rateltech.com\/index.php\/wp-json\/wp\/v2\/pages\/1712\/revisions"}],"predecessor-version":[{"id":2637,"href":"https:\/\/sahin.rateltech.com\/index.php\/wp-json\/wp\/v2\/pages\/1712\/revisions\/2637"}],"wp:attachment":[{"href":"https:\/\/sahin.rateltech.com\/index.php\/wp-json\/wp\/v2\/media?parent=1712"}],"curies":[{"name":"wp","href":"https:\/\/api.w.org\/{rel}","templated":true}]}}