{"id":2043,"date":"2024-03-07T14:39:05","date_gmt":"2024-03-07T14:39:05","guid":{"rendered":"https:\/\/sahin.rateltech.com\/?page_id=2043"},"modified":"2024-03-09T13:01:10","modified_gmt":"2024-03-09T13:01:10","slug":"levrek","status":"publish","type":"page","link":"https:\/\/sahin.rateltech.com\/index.php\/levrek\/","title":{"rendered":"LEVREK"},"content":{"rendered":"<div class=\"wpb-content-wrapper\"><p>[vc_row][vc_column width=&#8221;1\/2&#8243;][vc_column_text]\t\t<div class=\"fotorama responsive-image-silder\"\r\n\t\t\tdata-width=100%\t\t\t\t\t\t\t\t\tdata-height=\"\"\t\t\t\t\t\t\t\t\t\t\t\t\t\t\t\t\t\tdata-nav=thumbs\t\t\t\t\t\tdata-navposition=bottom\t\t\t\t\t\t\t\t\t\t\t\tdata-thumbborderwidth=3\t\t\tdata-allowfullscreen=true\t\t\tdata-fit=scaledown\t\t\tdata-thumbfit=cover\t\t\tdata-transition=crossfade\t\t\tdata-click=true\t\t\tdata-transitionduration=300\t\t\tfalse\t\t\ttitle\t\t\tdata-hash=false\t\t\tdata-autoplay=true\t\t\tdata-stopautoplayontouch=false\t\t\tdata-loop=true\t\t\tdata-keyboard=true\t\t\tdata-arrows=true\t\t\tdata-click=true\t\t\tdata-swipe=true\t\t\tdata-trackpad=true\t\t\tdata-shuffle=false\t\t\tdata-direction=ltr\t\t\tdata-spinner=true\t\t\t>\r\n\t\t\t<img decoding=\"async\" src=\"https:\/\/sahin.rateltech.com\/wp-content\/uploads\/2024\/03\/levrek.webp\" data-caption=\"\" alt=\"1\"><img decoding=\"async\" src=\"https:\/\/sahin.rateltech.com\/wp-content\/uploads\/2024\/03\/levrek-02.webp\" data-caption=\"\" alt=\"2\"><img decoding=\"async\" src=\"https:\/\/sahin.rateltech.com\/wp-content\/uploads\/2024\/03\/levrek-03.webp\" data-caption=\"\" alt=\"3\"><img decoding=\"async\" src=\"https:\/\/sahin.rateltech.com\/wp-content\/uploads\/2024\/03\/levrek-04.webp\" data-caption=\"\" alt=\"4\"><img decoding=\"async\" src=\"https:\/\/sahin.rateltech.com\/wp-content\/uploads\/2024\/03\/levrek-05.webp\" data-caption=\"\" alt=\"5\">\t\t<\/div>\r\n\t\t\t<!-- HTML Script Part Start From Here-->\r\n\t<script>\r\n\tjQuery(document).ready(function() {\r\n\t\tjQuery(function () {\r\n\t\t\tjQuery('.responsive-image-silder').fotorama({\r\n\t\t\t\tspinner: {\r\n\t\t\t\t\tlines: 13,\r\n\t\t\t\t\tcolor: 'rgba(0, 0, 0, .75)',\r\n\t\t\t\t\tclassName: 'fotorama',\r\n\t\t\t\t},\r\n\t\t\t\t\t\t\t\tautoplay : 5000,\r\n\t\t\t\t\t\t\t});\r\n\t\t});\r\n\t\t\r\n\t\tjQuery('.fotorama__stage').addClass('hvr-grow');\r\n\t});\r\n\t<\/script>\r\n\t[\/vc_column_text][vc_empty_space height=&#8221;10px&#8221;][\/vc_column][vc_column width=&#8221;1\/2&#8243;][vc_column_text]<\/p>\n<p class=\"p1\"><span class=\"s1\"><b>\u00dcr\u00fcn \u00d6zellikleri<\/b><\/span><\/p>\n<p class=\"p2\"><span class=\"s2\"><b>Ticari Ad\u0131:<\/b>\u00a0Akdeniz Levre\u011fi<\/span><\/p>\n<p class=\"p2\"><span class=\"s2\"><b>Bilimsel Ad\u0131:<\/b>\u00a0Dicentrarchus labrax<\/span><\/p>\n<p class=\"p2\"><span class=\"s2\"><b>\u00dcr\u00fcn:<\/b>\u00a0Taze veya Donuk, B\u00fct\u00fcn, \u0130\u00e7i Al\u0131nm\u0131\u015f, Fileto PBI ve PBO <\/span><\/p>\n<p class=\"p2\"><span class=\"s2\"><b>Glaze: <\/b>% 5 &#8211; 10 veya m\u00fc\u015fterinin iste\u011fine g\u00f6re<\/span><\/p>\n<p class=\"p2\"><span class=\"s2\"><b>Ambalaj \u015eekli:<\/b> \u00a0Donuk: 0,25 \u2013 2 kg PP, PE torba, 5-<span class=\"Apple-converted-space\">\u00a0 <\/span>20 kg karton koli veya talebe g\u00f6re<\/span><\/p>\n<p class=\"p2\"><span class=\"Apple-converted-space\">\u00a0 <\/span>Taze: 5 -10 kg strafor kutuda buzlu veya talebe g\u00f6re<\/p>\n<p>[\/vc_column_text][\/vc_column][\/vc_row][vc_row][vc_column][vc_empty_space][\/vc_column][\/vc_row]<\/p>\n<\/div>","protected":false},"excerpt":{"rendered":"<p>[vc_row][vc_column width=&#8221;1\/2&#8243;][vc_column_text][\/vc_column_text][vc_empty_space height=&#8221;10px&#8221;][\/vc_column][vc_column width=&#8221;1\/2&#8243;][vc_column_text] \u00dcr\u00fcn \u00d6zellikleri Ticari Ad\u0131:\u00a0Akdeniz Levre\u011fi Bilimsel Ad\u0131:\u00a0Dicentrarchus labrax \u00dcr\u00fcn:\u00a0Taze veya Donuk, B\u00fct\u00fcn, \u0130\u00e7i Al\u0131nm\u0131\u015f, Fileto PBI ve PBO Glaze: % 5 &#8211; 10 veya m\u00fc\u015fterinin iste\u011fine g\u00f6re Ambalaj \u015eekli:&#8230;<\/p>\n","protected":false},"author":1,"featured_media":0,"parent":0,"menu_order":0,"comment_status":"closed","ping_status":"closed","template":"","meta":{"inline_featured_image":false,"footnotes":""},"class_list":["post-2043","page","type-page","status-publish","hentry"],"_links":{"self":[{"href":"https:\/\/sahin.rateltech.com\/index.php\/wp-json\/wp\/v2\/pages\/2043","targetHints":{"allow":["GET"]}}],"collection":[{"href":"https:\/\/sahin.rateltech.com\/index.php\/wp-json\/wp\/v2\/pages"}],"about":[{"href":"https:\/\/sahin.rateltech.com\/index.php\/wp-json\/wp\/v2\/types\/page"}],"author":[{"embeddable":true,"href":"https:\/\/sahin.rateltech.com\/index.php\/wp-json\/wp\/v2\/users\/1"}],"replies":[{"embeddable":true,"href":"https:\/\/sahin.rateltech.com\/index.php\/wp-json\/wp\/v2\/comments?post=2043"}],"version-history":[{"count":8,"href":"https:\/\/sahin.rateltech.com\/index.php\/wp-json\/wp\/v2\/pages\/2043\/revisions"}],"predecessor-version":[{"id":2046,"href":"https:\/\/sahin.rateltech.com\/index.php\/wp-json\/wp\/v2\/pages\/2043\/revisions\/2046"}],"wp:attachment":[{"href":"https:\/\/sahin.rateltech.com\/index.php\/wp-json\/wp\/v2\/media?parent=2043"}],"curies":[{"name":"wp","href":"https:\/\/api.w.org\/{rel}","templated":true}]}}