{"id":2148,"date":"2024-03-07T20:57:35","date_gmt":"2024-03-07T20:57:35","guid":{"rendered":"https:\/\/sahin.rateltech.com\/?page_id=2148"},"modified":"2024-03-09T10:30:07","modified_gmt":"2024-03-09T10:30:07","slug":"uskumru","status":"publish","type":"page","link":"https:\/\/sahin.rateltech.com\/index.php\/uskumru\/","title":{"rendered":"USKUMRU"},"content":{"rendered":"<div class=\"wpb-content-wrapper\"><p>[vc_row][vc_column width=&#8221;1\/2&#8243;][vc_column_text]\t\t<div class=\"fotorama responsive-image-silder\"\r\n\t\t\tdata-width=100%\t\t\t\t\t\t\t\t\tdata-height=\"\"\t\t\t\t\t\t\t\t\t\t\t\t\t\t\t\t\t\tdata-nav=thumbs\t\t\t\t\t\tdata-navposition=bottom\t\t\t\t\t\t\t\t\t\t\t\tdata-thumbborderwidth=3\t\t\tdata-allowfullscreen=true\t\t\tdata-fit=cover\t\t\tdata-thumbfit=cover\t\t\tdata-transition=crossfade\t\t\tdata-click=true\t\t\tdata-transitionduration=300\t\t\tfalse\t\t\ttitle\t\t\tdata-hash=false\t\t\tdata-autoplay=true\t\t\tdata-stopautoplayontouch=false\t\t\tdata-loop=true\t\t\tdata-keyboard=true\t\t\tdata-arrows=true\t\t\tdata-click=true\t\t\tdata-swipe=true\t\t\tdata-trackpad=true\t\t\tdata-shuffle=false\t\t\tdata-direction=ltr\t\t\tdata-spinner=true\t\t\t>\r\n\t\t\t<img decoding=\"async\" src=\"https:\/\/sahin.rateltech.com\/wp-content\/uploads\/2024\/03\/uskumru-1.webp\" data-caption=\"\" alt=\"uskumru 1\"><img decoding=\"async\" src=\"https:\/\/sahin.rateltech.com\/wp-content\/uploads\/2024\/03\/uskumru-2-.webp\" data-caption=\"\" alt=\"uskumru 2\"><img decoding=\"async\" src=\"https:\/\/sahin.rateltech.com\/wp-content\/uploads\/2024\/03\/uskumru-3.webp\" data-caption=\"\" alt=\"uskumru 3\"><img decoding=\"async\" src=\"https:\/\/sahin.rateltech.com\/wp-content\/uploads\/2024\/03\/uskumru-4.webp\" data-caption=\"\" alt=\"uskumru 4\"><img decoding=\"async\" src=\"https:\/\/sahin.rateltech.com\/wp-content\/uploads\/2024\/03\/uskumru-5.webp\" data-caption=\"\" alt=\"uskumru 5\"><img decoding=\"async\" src=\"https:\/\/sahin.rateltech.com\/wp-content\/uploads\/2024\/03\/uskumru-6.webp\" data-caption=\"\" alt=\"uskumru 6\">\t\t<\/div>\r\n\t\t\t<!-- HTML Script Part Start From Here-->\r\n\t<script>\r\n\tjQuery(document).ready(function() {\r\n\t\tjQuery(function () {\r\n\t\t\tjQuery('.responsive-image-silder').fotorama({\r\n\t\t\t\tspinner: {\r\n\t\t\t\t\tlines: 13,\r\n\t\t\t\t\tcolor: 'rgba(0, 0, 0, .75)',\r\n\t\t\t\t\tclassName: 'fotorama',\r\n\t\t\t\t},\r\n\t\t\t\t\t\t\t\tautoplay : 5000,\r\n\t\t\t\t\t\t\t});\r\n\t\t});\r\n\t\t\r\n\t\tjQuery('.fotorama__stage').addClass('hvr-grow');\r\n\t});\r\n\t<\/script>\r\n\t[\/vc_column_text][\/vc_column][vc_column width=&#8221;1\/2&#8243;][vc_column_text]<strong>Ticari Ad\u0131:<\/strong> Uskumru<\/p>\n<p><strong>Bilimsel Ad\u0131:<\/strong> Scomber scombrus<\/p>\n<p><strong>Aile:<\/strong> <a title=\"\" href=\"https:\/\/en.wikipedia.org\/wiki\/Scombridae\">Scombridae<\/a><\/p>\n<p><strong>Yakalama Alan\u0131:<\/strong>The Food and Agriculture Organization (FAO) 37.3.1, 37.4.1 &amp; 37.4.2<\/p>\n<p><strong>Bal\u0131k\u00e7\u0131l\u0131k Y\u00f6ntemi:<\/strong>\u00a0GIRGIR<\/p>\n<p><strong>Yakalama Sezonu:<\/strong> T\u00fcm Y\u0131l<\/p>\n<p><strong>Teslimat Kapasitesi:<\/strong> Y\u0131lda 100 ton<\/p>\n<p><strong>Mevcut Boyut:\u00a0<\/strong>??<\/p>\n<p><strong>Kullan\u0131labilir Format:<\/strong> B\u00fct\u00fcn, \u0130\u00e7i Al\u0131nm\u0131\u015f, Kafas\u0131 Al\u0131nm\u0131\u015f ve Fileto<\/p>\n<p><strong>Dondurulmu\u015f Tip:<\/strong>\u00a0Blok ve Individual Quick Frozen (IQF)<\/p>\n<p><strong>Glaze:<\/strong>% 5, 10, 20 veya m\u00fc\u015fterinin iste\u011fine g\u00f6re<\/p>\n<p><strong>\u015eu \u015eekilde Mevcuttur:<\/strong>\u00a0500g \u2013 20kg PP, PE torba, Tepsi ve Kraft karton kutu veya m\u00fc\u015fterinin iste\u011fine g\u00f6re<\/p>\n<p><strong>Besin De\u011ferleri:<\/strong> 100g Kalori: 261, Ya\u011f: 18g, Karb: 0g, Protein: 24g[\/vc_column_text][\/vc_column][\/vc_row][vc_row][vc_column][vc_empty_space][\/vc_column][\/vc_row]<\/p>\n<\/div>","protected":false},"excerpt":{"rendered":"<p>[vc_row][vc_column width=&#8221;1\/2&#8243;][vc_column_text][\/vc_column_text][\/vc_column][vc_column width=&#8221;1\/2&#8243;][vc_column_text]Ticari Ad\u0131: Uskumru Bilimsel Ad\u0131: Scomber scombrus Aile: Scombridae Yakalama Alan\u0131:The Food and Agriculture Organization (FAO) 37.3.1, 37.4.1 &amp; 37.4.2 Bal\u0131k\u00e7\u0131l\u0131k Y\u00f6ntemi:\u00a0GIRGIR Yakalama Sezonu: T\u00fcm Y\u0131l Teslimat Kapasitesi: Y\u0131lda 100 ton&#8230;<\/p>\n","protected":false},"author":1,"featured_media":0,"parent":0,"menu_order":0,"comment_status":"closed","ping_status":"closed","template":"","meta":{"inline_featured_image":false,"footnotes":""},"class_list":["post-2148","page","type-page","status-publish","hentry"],"_links":{"self":[{"href":"https:\/\/sahin.rateltech.com\/index.php\/wp-json\/wp\/v2\/pages\/2148","targetHints":{"allow":["GET"]}}],"collection":[{"href":"https:\/\/sahin.rateltech.com\/index.php\/wp-json\/wp\/v2\/pages"}],"about":[{"href":"https:\/\/sahin.rateltech.com\/index.php\/wp-json\/wp\/v2\/types\/page"}],"author":[{"embeddable":true,"href":"https:\/\/sahin.rateltech.com\/index.php\/wp-json\/wp\/v2\/users\/1"}],"replies":[{"embeddable":true,"href":"https:\/\/sahin.rateltech.com\/index.php\/wp-json\/wp\/v2\/comments?post=2148"}],"version-history":[{"count":4,"href":"https:\/\/sahin.rateltech.com\/index.php\/wp-json\/wp\/v2\/pages\/2148\/revisions"}],"predecessor-version":[{"id":2515,"href":"https:\/\/sahin.rateltech.com\/index.php\/wp-json\/wp\/v2\/pages\/2148\/revisions\/2515"}],"wp:attachment":[{"href":"https:\/\/sahin.rateltech.com\/index.php\/wp-json\/wp\/v2\/media?parent=2148"}],"curies":[{"name":"wp","href":"https:\/\/api.w.org\/{rel}","templated":true}]}}