{"id":2177,"date":"2024-03-08T11:50:07","date_gmt":"2024-03-08T11:50:07","guid":{"rendered":"https:\/\/sahin.rateltech.com\/?page_id=2177"},"modified":"2024-03-09T09:26:13","modified_gmt":"2024-03-09T09:26:13","slug":"yazili-orkinos","status":"publish","type":"page","link":"https:\/\/sahin.rateltech.com\/index.php\/yazili-orkinos\/","title":{"rendered":"YAZILI ORK\u0130NOS"},"content":{"rendered":"<div class=\"wpb-content-wrapper\"><p>[vc_row][vc_column width=&#8221;1\/2&#8243;][vc_column_text]\t\t<div class=\"fotorama responsive-image-silder\"\r\n\t\t\tdata-width=100%\t\t\t\t\t\t\t\t\tdata-height=\"\"\t\t\t\t\t\t\t\t\t\t\t\t\t\t\t\t\t\tdata-nav=thumbs\t\t\t\t\t\tdata-navposition=bottom\t\t\t\t\t\t\t\t\t\t\t\tdata-thumbborderwidth=3\t\t\tdata-allowfullscreen=true\t\t\tdata-fit=cover\t\t\tdata-thumbfit=cover\t\t\tdata-transition=crossfade\t\t\tdata-click=true\t\t\tdata-transitionduration=300\t\t\tfalse\t\t\ttitle\t\t\tdata-hash=false\t\t\tdata-autoplay=true\t\t\tdata-stopautoplayontouch=false\t\t\tdata-loop=true\t\t\tdata-keyboard=true\t\t\tdata-arrows=true\t\t\tdata-click=true\t\t\tdata-swipe=true\t\t\tdata-trackpad=true\t\t\tdata-shuffle=false\t\t\tdata-direction=ltr\t\t\tdata-spinner=true\t\t\t>\r\n\t\t\t<img decoding=\"async\" src=\"https:\/\/sahin.rateltech.com\/wp-content\/uploads\/2024\/03\/yazili_1.webp\" data-caption=\"\" alt=\"yazili_1\"><img decoding=\"async\" src=\"https:\/\/sahin.rateltech.com\/wp-content\/uploads\/2024\/03\/yazili_2.webp\" data-caption=\"\" alt=\"yazili_2\"><img decoding=\"async\" src=\"https:\/\/sahin.rateltech.com\/wp-content\/uploads\/2024\/03\/yazili_3.webp\" data-caption=\"\" alt=\"yazili_3\"><img decoding=\"async\" src=\"https:\/\/sahin.rateltech.com\/wp-content\/uploads\/2024\/03\/yazili_4.webp\" data-caption=\"\" alt=\"yazili_4\"><img decoding=\"async\" src=\"https:\/\/sahin.rateltech.com\/wp-content\/uploads\/2024\/03\/yazili_5.webp\" data-caption=\"\" alt=\"yazili_5\">\t\t<\/div>\r\n\t\t\t<!-- HTML Script Part Start From Here-->\r\n\t<script>\r\n\tjQuery(document).ready(function() {\r\n\t\tjQuery(function () {\r\n\t\t\tjQuery('.responsive-image-silder').fotorama({\r\n\t\t\t\tspinner: {\r\n\t\t\t\t\tlines: 13,\r\n\t\t\t\t\tcolor: 'rgba(0, 0, 0, .75)',\r\n\t\t\t\t\tclassName: 'fotorama',\r\n\t\t\t\t},\r\n\t\t\t\t\t\t\t\tautoplay : 5000,\r\n\t\t\t\t\t\t\t});\r\n\t\t});\r\n\t\t\r\n\t\tjQuery('.fotorama__stage').addClass('hvr-grow');\r\n\t});\r\n\t<\/script>\r\n\t[\/vc_column_text][\/vc_column][vc_column width=&#8221;1\/2&#8243;][vc_column_text]<strong>Ticari Ad\u0131:<\/strong> Yaz\u0131l\u0131 Orkinos<\/p>\n<p><strong>Bilimsel Ad\u0131:<\/strong> Euthynnus Alletteratus<\/p>\n<p><strong>Aile:<\/strong> Scombridae<\/p>\n<p><strong>Yakalama Alan\u0131:<\/strong>The Food and Agriculture Organization (FAO) 37.3.1, 37.4.1 &amp; 37.4.2<\/p>\n<p><strong>Bal\u0131k\u00e7\u0131l\u0131k Y\u00f6ntemi:<\/strong>\u00a0GIRGIR<\/p>\n<p><strong>Yakalama Sezonu:<\/strong> T\u00fcm Y\u0131l<\/p>\n<p><strong>Teslimat Kapasitesi:<\/strong> Y\u0131lda 100 ton<\/p>\n<p><strong>Mevcut Boyut:\u00a0<\/strong>??<\/p>\n<p><strong>Kullan\u0131labilir Format:<\/strong> B\u00fct\u00fcn, Kafas\u0131 Al\u0131nm\u0131\u015f, Fileto ve Dilimlenmi\u015f<\/p>\n<p><strong>Dondurulmu\u015f Tip:<\/strong>\u00a0Blok ve Individual Quick Frozen (IQF)<\/p>\n<p><strong>Glaze:<\/strong>% 5, 10, 20 veya m\u00fc\u015fterinin iste\u011fine g\u00f6re<\/p>\n<p><strong>\u015eu \u015eekilde Mevcuttur:<\/strong>\u00a0500g \u2013 20kg PP, PE torba, Tepsi ve Kraft karton kutu veya m\u00fc\u015fterinin iste\u011fine g\u00f6re<\/p>\n<p><strong>Besin De\u011ferleri:<\/strong> ??[\/vc_column_text][\/vc_column][\/vc_row][vc_row][vc_column][vc_empty_space][\/vc_column][\/vc_row]<\/p>\n<\/div>","protected":false},"excerpt":{"rendered":"<p>[vc_row][vc_column width=&#8221;1\/2&#8243;][vc_column_text][\/vc_column_text][\/vc_column][vc_column width=&#8221;1\/2&#8243;][vc_column_text]Ticari Ad\u0131: Yaz\u0131l\u0131 Orkinos Bilimsel Ad\u0131: Euthynnus Alletteratus Aile: Scombridae Yakalama Alan\u0131:The Food and Agriculture Organization (FAO) 37.3.1, 37.4.1 &amp; 37.4.2 Bal\u0131k\u00e7\u0131l\u0131k Y\u00f6ntemi:\u00a0GIRGIR Yakalama Sezonu: T\u00fcm Y\u0131l Teslimat Kapasitesi: Y\u0131lda 100&#8230;<\/p>\n","protected":false},"author":1,"featured_media":0,"parent":0,"menu_order":0,"comment_status":"closed","ping_status":"closed","template":"","meta":{"inline_featured_image":false,"footnotes":""},"class_list":["post-2177","page","type-page","status-publish","hentry"],"_links":{"self":[{"href":"https:\/\/sahin.rateltech.com\/index.php\/wp-json\/wp\/v2\/pages\/2177","targetHints":{"allow":["GET"]}}],"collection":[{"href":"https:\/\/sahin.rateltech.com\/index.php\/wp-json\/wp\/v2\/pages"}],"about":[{"href":"https:\/\/sahin.rateltech.com\/index.php\/wp-json\/wp\/v2\/types\/page"}],"author":[{"embeddable":true,"href":"https:\/\/sahin.rateltech.com\/index.php\/wp-json\/wp\/v2\/users\/1"}],"replies":[{"embeddable":true,"href":"https:\/\/sahin.rateltech.com\/index.php\/wp-json\/wp\/v2\/comments?post=2177"}],"version-history":[{"count":7,"href":"https:\/\/sahin.rateltech.com\/index.php\/wp-json\/wp\/v2\/pages\/2177\/revisions"}],"predecessor-version":[{"id":2508,"href":"https:\/\/sahin.rateltech.com\/index.php\/wp-json\/wp\/v2\/pages\/2177\/revisions\/2508"}],"wp:attachment":[{"href":"https:\/\/sahin.rateltech.com\/index.php\/wp-json\/wp\/v2\/media?parent=2177"}],"curies":[{"name":"wp","href":"https:\/\/api.w.org\/{rel}","templated":true}]}}