{"id":2200,"date":"2024-03-08T12:11:23","date_gmt":"2024-03-08T12:11:23","guid":{"rendered":"https:\/\/sahin.rateltech.com\/?page_id=2200"},"modified":"2024-03-09T12:55:49","modified_gmt":"2024-03-09T12:55:49","slug":"kirmizi-karides","status":"publish","type":"page","link":"https:\/\/sahin.rateltech.com\/index.php\/kirmizi-karides\/","title":{"rendered":"KIRMIZI KAR\u0130DES"},"content":{"rendered":"<div class=\"wpb-content-wrapper\"><p>[vc_row][vc_column width=&#8221;1\/2&#8243;][vc_column_text]\t\t<div class=\"fotorama responsive-image-silder\"\r\n\t\t\tdata-width=100%\t\t\t\t\t\t\t\t\tdata-height=\"\"\t\t\t\t\t\t\t\t\t\t\t\t\t\t\t\t\t\tdata-nav=thumbs\t\t\t\t\t\tdata-navposition=bottom\t\t\t\t\t\t\t\t\t\t\t\tdata-thumbborderwidth=3\t\t\tdata-allowfullscreen=true\t\t\tdata-fit=cover\t\t\tdata-thumbfit=cover\t\t\tdata-transition=crossfade\t\t\tdata-click=true\t\t\tdata-transitionduration=300\t\t\tfalse\t\t\ttitle\t\t\tdata-hash=false\t\t\tdata-autoplay=true\t\t\tdata-stopautoplayontouch=false\t\t\tdata-loop=true\t\t\tdata-keyboard=true\t\t\tdata-arrows=true\t\t\tdata-click=true\t\t\tdata-swipe=true\t\t\tdata-trackpad=true\t\t\tdata-shuffle=false\t\t\tdata-direction=ltr\t\t\tdata-spinner=true\t\t\t>\r\n\t\t\t<img decoding=\"async\" src=\"https:\/\/sahin.rateltech.com\/wp-content\/uploads\/2024\/03\/kirmizi-karides.webp\" data-caption=\"\" alt=\"k\u0131rm\u0131z\u0131 karides\"><img decoding=\"async\" src=\"https:\/\/sahin.rateltech.com\/wp-content\/uploads\/2024\/03\/kirmizi-karides-02.webp\" data-caption=\"\" alt=\"k\u0131rm\u0131z\u0131 karides-02\"><img decoding=\"async\" src=\"https:\/\/sahin.rateltech.com\/wp-content\/uploads\/2024\/03\/kirmizi-karides-03.webp\" data-caption=\"\" alt=\"k\u0131rm\u0131z\u0131 karides-03\"><img decoding=\"async\" src=\"https:\/\/sahin.rateltech.com\/wp-content\/uploads\/2024\/03\/kirmizi-karides-04.webp\" data-caption=\"\" alt=\"k\u0131rm\u0131z\u0131 karides-04\"><img decoding=\"async\" src=\"https:\/\/sahin.rateltech.com\/wp-content\/uploads\/2024\/03\/kirmizi-karides-05.webp\" data-caption=\"\" alt=\"k\u0131rm\u0131z\u0131 karides-05\"><img decoding=\"async\" src=\"https:\/\/sahin.rateltech.com\/wp-content\/uploads\/2024\/03\/kirmizi-karides-06.webp\" data-caption=\"\" alt=\"k\u0131rm\u0131z\u0131 karides-06\">\t\t<\/div>\r\n\t\t\t<!-- HTML Script Part Start From Here-->\r\n\t<script>\r\n\tjQuery(document).ready(function() {\r\n\t\tjQuery(function () {\r\n\t\t\tjQuery('.responsive-image-silder').fotorama({\r\n\t\t\t\tspinner: {\r\n\t\t\t\t\tlines: 13,\r\n\t\t\t\t\tcolor: 'rgba(0, 0, 0, .75)',\r\n\t\t\t\t\tclassName: 'fotorama',\r\n\t\t\t\t},\r\n\t\t\t\t\t\t\t\tautoplay : 5000,\r\n\t\t\t\t\t\t\t});\r\n\t\t});\r\n\t\t\r\n\t\tjQuery('.fotorama__stage').addClass('hvr-grow');\r\n\t});\r\n\t<\/script>\r\n\t[\/vc_column_text][vc_empty_space height=&#8221;10px&#8221;][\/vc_column][vc_column width=&#8221;1\/2&#8243;][vc_column_text]<strong>Ticari Ad\u0131:<\/strong> K\u0131rm\u0131z\u0131 Karides<\/p>\n<p><strong>Bilimsel Ad\u0131:<\/strong> Aristeus Antennatus<\/p>\n<p><strong>Aile:<\/strong>\u00a0Penaeidae<\/p>\n<p><strong>Yakalama Alan\u0131:<\/strong>\u00a0The Food and Agriculture Organization (FAO) 37.3.1<\/p>\n<p><strong>Bal\u0131k\u00e7\u0131l\u0131k Y\u00f6ntemi:<\/strong>\u00a0Dip trol\u00fc<\/p>\n<p><strong>Yakalama Sezonu:<\/strong>Eyl\u00fcl-Nisan<\/p>\n<p><strong>Teslimat Kapasitesi:<\/strong>\u00a0Y\u0131lda 100 ton<\/p>\n<p><strong>Mevcut Boyut:\u00a0<\/strong>10\/20, 20\/30<\/p>\n<p><strong>Kullan\u0131labilir Format:<\/strong>NATURAL, Soyulmu\u015f, Ba\u015ftan Kabuk A\u00e7\u0131k, Kolay Soyulma, Kuyruk A\u00e7ma<\/p>\n<p><strong>Dondurulmu\u015f Tip:<\/strong>\u00a0Dondurulmu\u015f, Blok ve Individual Quick Frozen (IQF)<\/p>\n<p><strong>Glaze:<\/strong>% 5, 10, 20 veya m\u00fc\u015fterinin iste\u011fine g\u00f6re<\/p>\n<p><strong>\u015eu \u015eekilde Mevcuttur:<\/strong>\u00a0500g \u2013 20kg PP, PE torba, Tepsi ve Kraft karton kutu veya m\u00fc\u015fterinin iste\u011fine g\u00f6re<\/p>\n<p><strong>Besin De\u011ferleri:<\/strong>\u00a0100g Kalori: 68, Ya\u011f: 1.73g, Karb: 0g, Protein: 20.3g[\/vc_column_text][\/vc_column][\/vc_row][vc_row][vc_column][vc_empty_space][\/vc_column][\/vc_row]<\/p>\n<\/div>","protected":false},"excerpt":{"rendered":"<p>[vc_row][vc_column width=&#8221;1\/2&#8243;][vc_column_text][\/vc_column_text][vc_empty_space height=&#8221;10px&#8221;][\/vc_column][vc_column width=&#8221;1\/2&#8243;][vc_column_text]Ticari Ad\u0131: K\u0131rm\u0131z\u0131 Karides Bilimsel Ad\u0131: Aristeus Antennatus Aile:\u00a0Penaeidae Yakalama Alan\u0131:\u00a0The Food and Agriculture Organization (FAO) 37.3.1 Bal\u0131k\u00e7\u0131l\u0131k Y\u00f6ntemi:\u00a0Dip trol\u00fc Yakalama Sezonu:Eyl\u00fcl-Nisan Teslimat Kapasitesi:\u00a0Y\u0131lda 100 ton Mevcut Boyut:\u00a010\/20, 20\/30 Kullan\u0131labilir&#8230;<\/p>\n","protected":false},"author":1,"featured_media":0,"parent":0,"menu_order":0,"comment_status":"closed","ping_status":"closed","template":"","meta":{"inline_featured_image":false,"footnotes":""},"class_list":["post-2200","page","type-page","status-publish","hentry"],"_links":{"self":[{"href":"https:\/\/sahin.rateltech.com\/index.php\/wp-json\/wp\/v2\/pages\/2200","targetHints":{"allow":["GET"]}}],"collection":[{"href":"https:\/\/sahin.rateltech.com\/index.php\/wp-json\/wp\/v2\/pages"}],"about":[{"href":"https:\/\/sahin.rateltech.com\/index.php\/wp-json\/wp\/v2\/types\/page"}],"author":[{"embeddable":true,"href":"https:\/\/sahin.rateltech.com\/index.php\/wp-json\/wp\/v2\/users\/1"}],"replies":[{"embeddable":true,"href":"https:\/\/sahin.rateltech.com\/index.php\/wp-json\/wp\/v2\/comments?post=2200"}],"version-history":[{"count":5,"href":"https:\/\/sahin.rateltech.com\/index.php\/wp-json\/wp\/v2\/pages\/2200\/revisions"}],"predecessor-version":[{"id":2596,"href":"https:\/\/sahin.rateltech.com\/index.php\/wp-json\/wp\/v2\/pages\/2200\/revisions\/2596"}],"wp:attachment":[{"href":"https:\/\/sahin.rateltech.com\/index.php\/wp-json\/wp\/v2\/media?parent=2200"}],"curies":[{"name":"wp","href":"https:\/\/api.w.org\/{rel}","templated":true}]}}