{"id":2208,"date":"2024-03-08T12:14:44","date_gmt":"2024-03-08T12:14:44","guid":{"rendered":"https:\/\/sahin.rateltech.com\/?page_id=2208"},"modified":"2024-03-09T12:32:37","modified_gmt":"2024-03-09T12:32:37","slug":"deniz-hiyari","status":"publish","type":"page","link":"https:\/\/sahin.rateltech.com\/index.php\/deniz-hiyari\/","title":{"rendered":"DEN\u0130Z HIYARI"},"content":{"rendered":"<div class=\"wpb-content-wrapper\"><p>[vc_row][vc_column width=&#8221;1\/2&#8243;][vc_empty_space height=&#8221;10px&#8221;][vc_column_text]\t\t<div class=\"fotorama responsive-image-silder\"\r\n\t\t\tdata-width=100%\t\t\t\t\t\t\t\t\tdata-height=\"\"\t\t\t\t\t\t\t\t\t\t\t\t\t\t\t\t\t\tdata-nav=thumbs\t\t\t\t\t\tdata-navposition=bottom\t\t\t\t\t\t\t\t\t\t\t\tdata-thumbborderwidth=3\t\t\tdata-allowfullscreen=true\t\t\tdata-fit=cover\t\t\tdata-thumbfit=cover\t\t\tdata-transition=crossfade\t\t\tdata-click=true\t\t\tdata-transitionduration=300\t\t\tfalse\t\t\ttitle\t\t\tdata-hash=false\t\t\tdata-autoplay=true\t\t\tdata-stopautoplayontouch=false\t\t\tdata-loop=true\t\t\tdata-keyboard=true\t\t\tdata-arrows=true\t\t\tdata-click=true\t\t\tdata-swipe=true\t\t\tdata-trackpad=true\t\t\tdata-shuffle=true\t\t\tdata-direction=ltr\t\t\tdata-spinner=true\t\t\t>\r\n\t\t\t<img decoding=\"async\" src=\"https:\/\/sahin.rateltech.com\/wp-content\/uploads\/2024\/03\/DENIZ-HIYARI.webp\" data-caption=\"\" alt=\"DENI\u0307Z HIYARI\"><img decoding=\"async\" src=\"https:\/\/sahin.rateltech.com\/wp-content\/uploads\/2024\/03\/DENIZ-HIYARI-02.webp\" data-caption=\"\" alt=\"DENI\u0307Z HIYARI-02\"><img decoding=\"async\" src=\"https:\/\/sahin.rateltech.com\/wp-content\/uploads\/2024\/03\/DENIZ-HIYARI-03.webp\" data-caption=\"\" alt=\"DENI\u0307Z HIYARI-03\"><img decoding=\"async\" src=\"https:\/\/sahin.rateltech.com\/wp-content\/uploads\/2024\/03\/DENIZ-HIYARI-04.webp\" data-caption=\"\" alt=\"DENI\u0307Z HIYARI-04\"><img decoding=\"async\" src=\"https:\/\/sahin.rateltech.com\/wp-content\/uploads\/2024\/03\/DENIZ-HIYARI-05.webp\" data-caption=\"\" alt=\"DENI\u0307Z HIYARI-05\">\t\t<\/div>\r\n\t\t\t<!-- HTML Script Part Start From Here-->\r\n\t<script>\r\n\tjQuery(document).ready(function() {\r\n\t\tjQuery(function () {\r\n\t\t\tjQuery('.responsive-image-silder').fotorama({\r\n\t\t\t\tspinner: {\r\n\t\t\t\t\tlines: 13,\r\n\t\t\t\t\tcolor: 'rgba(0, 0, 0, .75)',\r\n\t\t\t\t\tclassName: 'fotorama',\r\n\t\t\t\t},\r\n\t\t\t\t\t\t\t\tautoplay : 5000,\r\n\t\t\t\t\t\t\t});\r\n\t\t});\r\n\t\t\r\n\t\tjQuery('.fotorama__stage').addClass('hvr-grow');\r\n\t});\r\n\t<\/script>\r\n\t[\/vc_column_text][\/vc_column][vc_column width=&#8221;1\/2&#8243;][vc_empty_space height=&#8221;10px&#8221;][vc_column_text]<strong>Ticari Ad\u0131:<\/strong>Deniz Patl\u0131can\u0131<\/p>\n<p><strong>Bilimsel Ad\u0131:<\/strong>\u00a0Holothur\u0131ia Tubulosa, Holothuria Polii<\/p>\n<p><strong>Aile:<\/strong>\u00a0Holothuroidea<\/p>\n<p><strong>Yakalama Alan\u0131:<\/strong>\u00a0The Food and Agriculture Organization (FAO) 37.3.1<\/p>\n<p><strong>Bal\u0131k\u00e7\u0131l\u0131k Y\u00f6ntemi:<\/strong>\u00a0Dal\u0131\u015f<\/p>\n<p><strong>Yakalama Sezonu:<\/strong>Kas\u0131m &#8211; Haziran<\/p>\n<p><strong>Teslimat Kapasitesi:<\/strong>\u00a0Y\u0131lda 100 ton<\/p>\n<p><strong>Mevcut Boyut:\u00a0<\/strong>5-10 cm \/ 8.21g&#8217;ye kadar<\/p>\n<p><strong>Kullan\u0131labilir Format:<\/strong>Dondurulmu\u015f, Pi\u015fmi\u015f-kurutulmu\u015f, pi\u015firilmi\u015f-tuzlanm\u0131\u015f, pi\u015firilmi\u015f-tuzlanm\u0131\u015f ve pi\u015firilmi\u015f-Kalsiyum \u00e7\u0131kar\u0131lm\u0131\u015f<\/p>\n<p><strong>Dondurulmu\u015f Tip:<\/strong>\u00a0Blok ve Individual Quick Frozen (IQF)<\/p>\n<p><strong>Glaze:<\/strong>% 5, 10, 20 veya m\u00fc\u015fterinin iste\u011fine g\u00f6re<\/p>\n<p><strong>\u015eu \u015eekilde Mevcuttur:<\/strong>\u00a0500g &#8211; 20kg PP, PE torba, Tepsi ve Kraft karton kutu veya m\u00fc\u015fterinin iste\u011fine g\u00f6re<\/p>\n<p><strong>Besin De\u011ferleri:<\/strong>\u00a0100g Kalori: 55g, Ya\u011f: 0.4g, Karb: 0g, Protein: 13g[\/vc_column_text][\/vc_column][\/vc_row][vc_row][vc_column][vc_empty_space][\/vc_column][\/vc_row]<\/p>\n<\/div>","protected":false},"excerpt":{"rendered":"<p>[vc_row][vc_column width=&#8221;1\/2&#8243;][vc_empty_space height=&#8221;10px&#8221;][vc_column_text][\/vc_column_text][\/vc_column][vc_column width=&#8221;1\/2&#8243;][vc_empty_space height=&#8221;10px&#8221;][vc_column_text]Ticari Ad\u0131:Deniz Patl\u0131can\u0131 Bilimsel Ad\u0131:\u00a0Holothur\u0131ia Tubulosa, Holothuria Polii Aile:\u00a0Holothuroidea Yakalama Alan\u0131:\u00a0The Food and Agriculture Organization (FAO) 37.3.1 Bal\u0131k\u00e7\u0131l\u0131k Y\u00f6ntemi:\u00a0Dal\u0131\u015f Yakalama Sezonu:Kas\u0131m &#8211; Haziran Teslimat Kapasitesi:\u00a0Y\u0131lda 100 ton Mevcut Boyut:\u00a05-10&#8230;<\/p>\n","protected":false},"author":1,"featured_media":0,"parent":0,"menu_order":0,"comment_status":"closed","ping_status":"closed","template":"","meta":{"inline_featured_image":false,"footnotes":""},"class_list":["post-2208","page","type-page","status-publish","hentry"],"_links":{"self":[{"href":"https:\/\/sahin.rateltech.com\/index.php\/wp-json\/wp\/v2\/pages\/2208","targetHints":{"allow":["GET"]}}],"collection":[{"href":"https:\/\/sahin.rateltech.com\/index.php\/wp-json\/wp\/v2\/pages"}],"about":[{"href":"https:\/\/sahin.rateltech.com\/index.php\/wp-json\/wp\/v2\/types\/page"}],"author":[{"embeddable":true,"href":"https:\/\/sahin.rateltech.com\/index.php\/wp-json\/wp\/v2\/users\/1"}],"replies":[{"embeddable":true,"href":"https:\/\/sahin.rateltech.com\/index.php\/wp-json\/wp\/v2\/comments?post=2208"}],"version-history":[{"count":5,"href":"https:\/\/sahin.rateltech.com\/index.php\/wp-json\/wp\/v2\/pages\/2208\/revisions"}],"predecessor-version":[{"id":2580,"href":"https:\/\/sahin.rateltech.com\/index.php\/wp-json\/wp\/v2\/pages\/2208\/revisions\/2580"}],"wp:attachment":[{"href":"https:\/\/sahin.rateltech.com\/index.php\/wp-json\/wp\/v2\/media?parent=2208"}],"curies":[{"name":"wp","href":"https:\/\/api.w.org\/{rel}","templated":true}]}}