{"id":2210,"date":"2024-03-08T12:16:12","date_gmt":"2024-03-08T12:16:12","guid":{"rendered":"https:\/\/sahin.rateltech.com\/?page_id=2210"},"modified":"2024-03-09T12:46:19","modified_gmt":"2024-03-09T12:46:19","slug":"karisik-deniz-urunleri","status":"publish","type":"page","link":"https:\/\/sahin.rateltech.com\/index.php\/karisik-deniz-urunleri\/","title":{"rendered":"KARI\u015eIK DEN\u0130Z \u00dcR\u00dcNLER\u0130"},"content":{"rendered":"<div class=\"wpb-content-wrapper\"><p>[vc_row][vc_column width=&#8221;1\/2&#8243;][vc_empty_space height=&#8221;10px&#8221;][vc_column_text]\t\t<div class=\"fotorama responsive-image-silder\"\r\n\t\t\tdata-width=100%\t\t\t\t\t\t\t\t\tdata-height=\"\"\t\t\t\t\t\t\t\t\t\t\t\t\t\t\t\t\t\tdata-nav=thumbs\t\t\t\t\t\tdata-navposition=bottom\t\t\t\t\t\t\t\t\t\t\t\tdata-thumbborderwidth=3\t\t\tdata-allowfullscreen=true\t\t\tdata-fit=cover\t\t\tdata-thumbfit=cover\t\t\tdata-transition=crossfade\t\t\tdata-click=true\t\t\tdata-transitionduration=300\t\t\tfalse\t\t\ttitle\t\t\tdata-hash=false\t\t\tdata-autoplay=true\t\t\tdata-stopautoplayontouch=false\t\t\tdata-loop=true\t\t\tdata-keyboard=true\t\t\tdata-arrows=true\t\t\tdata-click=true\t\t\tdata-swipe=true\t\t\tdata-trackpad=true\t\t\tdata-shuffle=false\t\t\tdata-direction=ltr\t\t\tdata-spinner=true\t\t\t>\r\n\t\t\t<img decoding=\"async\" src=\"https:\/\/sahin.rateltech.com\/wp-content\/uploads\/2024\/03\/karisik-deniz-urunleri.webp\" data-caption=\"\" alt=\"kar\u0131s\u0327\u0131k deniz u\u0308ru\u0308nleri\"><img decoding=\"async\" src=\"https:\/\/sahin.rateltech.com\/wp-content\/uploads\/2024\/03\/karisik-deniz-urunleri-02.webp\" data-caption=\"\" alt=\"kar\u0131s\u0327\u0131k deniz u\u0308ru\u0308nleri-02\"><img decoding=\"async\" src=\"https:\/\/sahin.rateltech.com\/wp-content\/uploads\/2024\/03\/karisik-deniz-urunleri-03.webp\" data-caption=\"\" alt=\"kar\u0131s\u0327\u0131k deniz u\u0308ru\u0308nleri-03\">\t\t<\/div>\r\n\t\t\t<!-- HTML Script Part Start From Here-->\r\n\t<script>\r\n\tjQuery(document).ready(function() {\r\n\t\tjQuery(function () {\r\n\t\t\tjQuery('.responsive-image-silder').fotorama({\r\n\t\t\t\tspinner: {\r\n\t\t\t\t\tlines: 13,\r\n\t\t\t\t\tcolor: 'rgba(0, 0, 0, .75)',\r\n\t\t\t\t\tclassName: 'fotorama',\r\n\t\t\t\t},\r\n\t\t\t\t\t\t\t\tautoplay : 5000,\r\n\t\t\t\t\t\t\t});\r\n\t\t});\r\n\t\t\r\n\t\tjQuery('.fotorama__stage').addClass('hvr-grow');\r\n\t});\r\n\t<\/script>\r\n\t[\/vc_column_text][\/vc_column][vc_column width=&#8221;1\/2&#8243;][vc_empty_space height=&#8221;10px&#8221;][vc_column_text]<strong>Ticari Ad\u0131:<\/strong> Kar\u0131\u015f\u0131k Deniz \u00dcr\u00fcnleri<\/p>\n<p>&nbsp;<\/p>\n<p><strong>\u0130\u00e7erik: <\/strong>Misk Ahtapotu, Ahtapot, S\u00fcbye, Karides, Midye, Kalamar, Surumi<\/p>\n<p>&nbsp;<\/p>\n<p><strong>\u00dcr\u00fcn<\/strong><b>: <\/b><strong>\u00a0<\/strong>Canl\u0131 veya Taze B\u00fct\u00fcn veya Donuk Sterilize edilmi\u015f Et<\/p>\n<p>&nbsp;<\/p>\n<p><strong>Glaze:<\/strong>\u00a0% 5 \u2013 10 veya m\u00fc\u015fterinin iste\u011fine g\u00f6re<\/p>\n<p>&nbsp;<\/p>\n<p><strong>Ambalaj \u015eekli: \u00a0Donuk:<\/strong>\u00a00,25 \u2013 2 kg PP, PE torba, 5- 20 kg karton koli veya talebe g\u00f6re<\/p>\n<p>&nbsp;<\/p>\n<p>[\/vc_column_text][\/vc_column][\/vc_row][vc_row][vc_column][vc_empty_space][\/vc_column][\/vc_row]<\/p>\n<\/div>","protected":false},"excerpt":{"rendered":"<p>[vc_row][vc_column width=&#8221;1\/2&#8243;][vc_empty_space height=&#8221;10px&#8221;][vc_column_text][\/vc_column_text][\/vc_column][vc_column width=&#8221;1\/2&#8243;][vc_empty_space height=&#8221;10px&#8221;][vc_column_text]Ticari Ad\u0131: Kar\u0131\u015f\u0131k Deniz \u00dcr\u00fcnleri &nbsp; \u0130\u00e7erik: Misk Ahtapotu, Ahtapot, S\u00fcbye, Karides, Midye, Kalamar, Surumi &nbsp; \u00dcr\u00fcn: \u00a0Canl\u0131 veya Taze B\u00fct\u00fcn veya Donuk Sterilize edilmi\u015f Et &nbsp; Glaze:\u00a0% 5&#8230;<\/p>\n","protected":false},"author":1,"featured_media":0,"parent":0,"menu_order":0,"comment_status":"closed","ping_status":"closed","template":"","meta":{"inline_featured_image":false,"footnotes":""},"class_list":["post-2210","page","type-page","status-publish","hentry"],"_links":{"self":[{"href":"https:\/\/sahin.rateltech.com\/index.php\/wp-json\/wp\/v2\/pages\/2210","targetHints":{"allow":["GET"]}}],"collection":[{"href":"https:\/\/sahin.rateltech.com\/index.php\/wp-json\/wp\/v2\/pages"}],"about":[{"href":"https:\/\/sahin.rateltech.com\/index.php\/wp-json\/wp\/v2\/types\/page"}],"author":[{"embeddable":true,"href":"https:\/\/sahin.rateltech.com\/index.php\/wp-json\/wp\/v2\/users\/1"}],"replies":[{"embeddable":true,"href":"https:\/\/sahin.rateltech.com\/index.php\/wp-json\/wp\/v2\/comments?post=2210"}],"version-history":[{"count":5,"href":"https:\/\/sahin.rateltech.com\/index.php\/wp-json\/wp\/v2\/pages\/2210\/revisions"}],"predecessor-version":[{"id":2483,"href":"https:\/\/sahin.rateltech.com\/index.php\/wp-json\/wp\/v2\/pages\/2210\/revisions\/2483"}],"wp:attachment":[{"href":"https:\/\/sahin.rateltech.com\/index.php\/wp-json\/wp\/v2\/media?parent=2210"}],"curies":[{"name":"wp","href":"https:\/\/api.w.org\/{rel}","templated":true}]}}