{"id":2241,"date":"2024-03-08T12:48:05","date_gmt":"2024-03-08T12:48:05","guid":{"rendered":"https:\/\/sahin.rateltech.com\/?page_id=2241"},"modified":"2024-03-09T08:53:26","modified_gmt":"2024-03-09T08:53:26","slug":"somon","status":"publish","type":"page","link":"https:\/\/sahin.rateltech.com\/index.php\/somon\/","title":{"rendered":"SOMON"},"content":{"rendered":"<div class=\"wpb-content-wrapper\"><p>[vc_row][vc_column width=&#8221;1\/2&#8243;][vc_column_text]\t\t<div class=\"fotorama responsive-image-silder\"\r\n\t\t\tdata-width=100%\t\t\t\t\t\t\t\t\tdata-height=\"\"\t\t\t\t\t\t\t\t\t\t\t\t\t\t\t\t\t\tdata-nav=thumbs\t\t\t\t\t\tdata-navposition=bottom\t\t\t\t\t\t\t\t\t\t\t\tdata-thumbborderwidth=3\t\t\tdata-allowfullscreen=true\t\t\tdata-fit=cover\t\t\tdata-thumbfit=cover\t\t\tdata-transition=crossfade\t\t\tdata-click=true\t\t\tdata-transitionduration=300\t\t\tfalse\t\t\ttitle\t\t\tdata-hash=false\t\t\tdata-autoplay=true\t\t\tdata-stopautoplayontouch=false\t\t\tdata-loop=true\t\t\tdata-keyboard=true\t\t\tdata-arrows=true\t\t\tdata-click=true\t\t\tdata-swipe=true\t\t\tdata-trackpad=true\t\t\tdata-shuffle=false\t\t\tdata-direction=ltr\t\t\tdata-spinner=true\t\t\t>\r\n\t\t\t<img decoding=\"async\" src=\"https:\/\/sahin.rateltech.com\/wp-content\/uploads\/2024\/03\/somon-1.webp\" data-caption=\"\" alt=\"somon 1\"><img decoding=\"async\" src=\"https:\/\/sahin.rateltech.com\/wp-content\/uploads\/2024\/03\/somon-2.webp\" data-caption=\"\" alt=\"somon 2\"><img decoding=\"async\" src=\"https:\/\/sahin.rateltech.com\/wp-content\/uploads\/2024\/03\/somon-3.webp\" data-caption=\"\" alt=\"somon 3\"><img decoding=\"async\" src=\"https:\/\/sahin.rateltech.com\/wp-content\/uploads\/2024\/03\/somon-4.webp\" data-caption=\"\" alt=\"somon 4\"><img decoding=\"async\" src=\"https:\/\/sahin.rateltech.com\/wp-content\/uploads\/2024\/03\/somon-5.webp\" data-caption=\"\" alt=\"somon 5\"><img decoding=\"async\" src=\"https:\/\/sahin.rateltech.com\/wp-content\/uploads\/2024\/03\/somon-6.webp\" data-caption=\"\" alt=\"somon 6\"><img decoding=\"async\" src=\"https:\/\/sahin.rateltech.com\/wp-content\/uploads\/2024\/03\/somon-7.webp\" data-caption=\"\" alt=\"somon 7\">\t\t<\/div>\r\n\t\t\t<!-- HTML Script Part Start From Here-->\r\n\t<script>\r\n\tjQuery(document).ready(function() {\r\n\t\tjQuery(function () {\r\n\t\t\tjQuery('.responsive-image-silder').fotorama({\r\n\t\t\t\tspinner: {\r\n\t\t\t\t\tlines: 13,\r\n\t\t\t\t\tcolor: 'rgba(0, 0, 0, .75)',\r\n\t\t\t\t\tclassName: 'fotorama',\r\n\t\t\t\t},\r\n\t\t\t\t\t\t\t\tautoplay : 5000,\r\n\t\t\t\t\t\t\t});\r\n\t\t});\r\n\t\t\r\n\t\tjQuery('.fotorama__stage').addClass('hvr-grow');\r\n\t});\r\n\t<\/script>\r\n\t[\/vc_column_text][\/vc_column][vc_column width=&#8221;1\/2&#8243;][vc_column_text]<strong>Ticari Ad\u0131<\/strong>:\u00a0T\u00fcrk Somonu<\/p>\n<p><strong>Bilimsel Ad\u0131:<\/strong>\u00a0Oncorhynchus mykiss<\/p>\n<p><strong>\u00dcr\u00fcn:\u00a0<\/strong>Taze veya Donuk, B\u00fct\u00fcn, Kafas\u0131 ve \u0130\u00e7i Al\u0131nm\u0131\u015f, Fileto PBI ve PBO<\/p>\n<p><strong>Glaze<\/strong>: % 5 &#8211; 10 veya m\u00fc\u015fterinin iste\u011fine g\u00f6re<\/p>\n<p><strong>Ambalaj \u015eekli:<\/strong> \u00a0<strong>Donuk:<\/strong> 0,25 \u2013 2 kg PP, PE torba, 5- 25 kg karton koli veya talebe g\u00f6re<\/p>\n<p><strong>Taze:<\/strong> 10 -25 kg strafor kutuda buzlu veya talebe g\u00f6re[\/vc_column_text][\/vc_column][\/vc_row][vc_row][vc_column][vc_empty_space][\/vc_column][\/vc_row]<\/p>\n<\/div>","protected":false},"excerpt":{"rendered":"<p>[vc_row][vc_column width=&#8221;1\/2&#8243;][vc_column_text][\/vc_column_text][\/vc_column][vc_column width=&#8221;1\/2&#8243;][vc_column_text]Ticari Ad\u0131:\u00a0T\u00fcrk Somonu Bilimsel Ad\u0131:\u00a0Oncorhynchus mykiss \u00dcr\u00fcn:\u00a0Taze veya Donuk, B\u00fct\u00fcn, Kafas\u0131 ve \u0130\u00e7i Al\u0131nm\u0131\u015f, Fileto PBI ve PBO Glaze: % 5 &#8211; 10 veya m\u00fc\u015fterinin iste\u011fine g\u00f6re Ambalaj \u015eekli: \u00a0Donuk: 0,25&#8230;<\/p>\n","protected":false},"author":1,"featured_media":0,"parent":0,"menu_order":0,"comment_status":"closed","ping_status":"closed","template":"","meta":{"inline_featured_image":false,"footnotes":""},"class_list":["post-2241","page","type-page","status-publish","hentry"],"_links":{"self":[{"href":"https:\/\/sahin.rateltech.com\/index.php\/wp-json\/wp\/v2\/pages\/2241","targetHints":{"allow":["GET"]}}],"collection":[{"href":"https:\/\/sahin.rateltech.com\/index.php\/wp-json\/wp\/v2\/pages"}],"about":[{"href":"https:\/\/sahin.rateltech.com\/index.php\/wp-json\/wp\/v2\/types\/page"}],"author":[{"embeddable":true,"href":"https:\/\/sahin.rateltech.com\/index.php\/wp-json\/wp\/v2\/users\/1"}],"replies":[{"embeddable":true,"href":"https:\/\/sahin.rateltech.com\/index.php\/wp-json\/wp\/v2\/comments?post=2241"}],"version-history":[{"count":3,"href":"https:\/\/sahin.rateltech.com\/index.php\/wp-json\/wp\/v2\/pages\/2241\/revisions"}],"predecessor-version":[{"id":2445,"href":"https:\/\/sahin.rateltech.com\/index.php\/wp-json\/wp\/v2\/pages\/2241\/revisions\/2445"}],"wp:attachment":[{"href":"https:\/\/sahin.rateltech.com\/index.php\/wp-json\/wp\/v2\/media?parent=2241"}],"curies":[{"name":"wp","href":"https:\/\/api.w.org\/{rel}","templated":true}]}}