{"id":2253,"date":"2024-03-08T13:08:27","date_gmt":"2024-03-08T13:08:27","guid":{"rendered":"https:\/\/sahin.rateltech.com\/?page_id=2253"},"modified":"2024-03-09T07:10:23","modified_gmt":"2024-03-09T07:10:23","slug":"group_companies_and_brands","status":"publish","type":"page","link":"https:\/\/sahin.rateltech.com\/index.php\/en\/group_companies_and_brands\/","title":{"rendered":"GROUP COMPANIES AND BRANDS"},"content":{"rendered":"<div class=\"wpb-content-wrapper\"><p>[vc_row][vc_column width=&#8221;2\/12&#8243;][vc_single_image image=&#8221;1668&#8243;][vc_single_image image=&#8221;2315&#8243;][vc_single_image image=&#8221;2320&#8243;][vc_single_image image=&#8221;2321&#8243;][vc_single_image image=&#8221;2327&#8243;][vc_single_image image=&#8221;1671&#8243;][vc_single_image image=&#8221;1669&#8243;][\/vc_column][vc_column width=&#8221;4\/12&#8243;][vc_empty_space height=&#8221;60px&#8221;][vc_column_text]<strong>\u015eahin Bal\u0131k\u00e7\u0131l\u0131k<\/strong>[\/vc_column_text][vc_empty_space height=&#8221;160px&#8221;][vc_column_text]<strong>\u015eahin Group<\/strong>[\/vc_column_text][vc_empty_space height=&#8221;125px&#8221;][vc_column_text]<\/p>\n<div>\n<div>\n<div><strong>\u015eAH\u0130N SO\u011eUK HAVA<\/strong><\/div>\n<\/div>\n<\/div>\n<p>[\/vc_column_text][vc_empty_space height=&#8221;125px&#8221;][vc_column_text]<\/p>\n<div>\n<div>\n<div><strong>\u015eAH\u0130N NAKL\u0130YAT<\/strong><\/div>\n<\/div>\n<\/div>\n<p>[\/vc_column_text][vc_empty_space height=&#8221;125px&#8221;][vc_column_text]<\/p>\n<div>\n<div>\n<div><strong>MEHMET \u015eAH\u0130N \u00c7AKAN LTD \u015eT\u0130<\/strong><\/div>\n<\/div>\n<\/div>\n<p>[\/vc_column_text][vc_empty_space height=&#8221;150px&#8221;][vc_column_text]<\/p>\n<div>\n<div>\n<div><strong>MSC SU \u00dcR\u00dcNLER\u0130 A.\u015e<\/strong><\/div>\n<\/div>\n<\/div>\n<p>[\/vc_column_text][vc_empty_space height=&#8221;125px&#8221;][vc_column_text]<strong>FISHMATE (PARTNER \u015e\u0130RKET)<\/strong>[\/vc_column_text][vc_empty_space height=&#8221;130px&#8221;][\/vc_column][vc_column width=&#8221;6\/12&#8243;][vc_single_image image=&#8221;1511&#8243; img_size=&#8221;full&#8221;][\/vc_column][\/vc_row]<\/p>\n<\/div>","protected":false},"excerpt":{"rendered":"<p>[vc_row][vc_column width=&#8221;2\/12&#8243;][vc_single_image image=&#8221;1668&#8243;][vc_single_image image=&#8221;2315&#8243;][vc_single_image image=&#8221;2320&#8243;][vc_single_image image=&#8221;2321&#8243;][vc_single_image image=&#8221;2327&#8243;][vc_single_image image=&#8221;1671&#8243;][vc_single_image image=&#8221;1669&#8243;][\/vc_column][vc_column width=&#8221;4\/12&#8243;][vc_empty_space height=&#8221;60px&#8221;][vc_column_text]\u015eahin Bal\u0131k\u00e7\u0131l\u0131k[\/vc_column_text][vc_empty_space height=&#8221;160px&#8221;][vc_column_text]\u015eahin Group[\/vc_column_text][vc_empty_space height=&#8221;125px&#8221;][vc_column_text] \u015eAH\u0130N SO\u011eUK HAVA [\/vc_column_text][vc_empty_space height=&#8221;125px&#8221;][vc_column_text] \u015eAH\u0130N NAKL\u0130YAT [\/vc_column_text][vc_empty_space height=&#8221;125px&#8221;][vc_column_text] MEHMET \u015eAH\u0130N \u00c7AKAN LTD \u015eT\u0130 [\/vc_column_text][vc_empty_space height=&#8221;150px&#8221;][vc_column_text] MSC SU&#8230;<\/p>\n","protected":false},"author":3,"featured_media":0,"parent":0,"menu_order":0,"comment_status":"closed","ping_status":"closed","template":"","meta":{"inline_featured_image":false,"footnotes":""},"class_list":["post-2253","page","type-page","status-publish","hentry"],"_links":{"self":[{"href":"https:\/\/sahin.rateltech.com\/index.php\/wp-json\/wp\/v2\/pages\/2253","targetHints":{"allow":["GET"]}}],"collection":[{"href":"https:\/\/sahin.rateltech.com\/index.php\/wp-json\/wp\/v2\/pages"}],"about":[{"href":"https:\/\/sahin.rateltech.com\/index.php\/wp-json\/wp\/v2\/types\/page"}],"author":[{"embeddable":true,"href":"https:\/\/sahin.rateltech.com\/index.php\/wp-json\/wp\/v2\/users\/3"}],"replies":[{"embeddable":true,"href":"https:\/\/sahin.rateltech.com\/index.php\/wp-json\/wp\/v2\/comments?post=2253"}],"version-history":[{"count":4,"href":"https:\/\/sahin.rateltech.com\/index.php\/wp-json\/wp\/v2\/pages\/2253\/revisions"}],"predecessor-version":[{"id":2384,"href":"https:\/\/sahin.rateltech.com\/index.php\/wp-json\/wp\/v2\/pages\/2253\/revisions\/2384"}],"wp:attachment":[{"href":"https:\/\/sahin.rateltech.com\/index.php\/wp-json\/wp\/v2\/media?parent=2253"}],"curies":[{"name":"wp","href":"https:\/\/api.w.org\/{rel}","templated":true}]}}