{"id":2285,"date":"2024-03-08T13:49:02","date_gmt":"2024-03-08T13:49:02","guid":{"rendered":"https:\/\/sahin.rateltech.com\/?page_id=2285"},"modified":"2024-03-09T13:10:23","modified_gmt":"2024-03-09T13:10:23","slug":"marinat-5","status":"publish","type":"page","link":"https:\/\/sahin.rateltech.com\/index.php\/marinat-5\/","title":{"rendered":"Marine Karides"},"content":{"rendered":"<div class=\"wpb-content-wrapper\"><p>[vc_row][vc_column width=&#8221;1\/2&#8243;][vc_column_text]\t\t<div class=\"fotorama responsive-image-silder\"\r\n\t\t\tdata-width=100%\t\t\t\t\t\t\t\t\tdata-height=\"\"\t\t\t\t\t\t\t\t\t\t\t\t\t\t\t\t\t\tdata-nav=thumbs\t\t\t\t\t\tdata-navposition=bottom\t\t\t\t\t\t\t\t\t\t\t\tdata-thumbborderwidth=3\t\t\tdata-allowfullscreen=true\t\t\tdata-fit=cover\t\t\tdata-thumbfit=cover\t\t\tdata-transition=crossfade\t\t\tdata-click=true\t\t\tdata-transitionduration=300\t\t\tfalse\t\t\ttitle\t\t\tdata-hash=false\t\t\tdata-autoplay=true\t\t\tdata-stopautoplayontouch=false\t\t\tdata-loop=true\t\t\tdata-keyboard=true\t\t\tdata-arrows=true\t\t\tdata-click=true\t\t\tdata-swipe=true\t\t\tdata-trackpad=true\t\t\tdata-shuffle=false\t\t\tdata-direction=ltr\t\t\tdata-spinner=true\t\t\t>\r\n\t\t\t<img decoding=\"async\" src=\"https:\/\/sahin.rateltech.com\/wp-content\/uploads\/2024\/03\/marinat8-1.webp\" data-caption=\"\" alt=\"marinat8\">\t\t<\/div>\r\n\t\t\t<!-- HTML Script Part Start From Here-->\r\n\t<script>\r\n\tjQuery(document).ready(function() {\r\n\t\tjQuery(function () {\r\n\t\t\tjQuery('.responsive-image-silder').fotorama({\r\n\t\t\t\tspinner: {\r\n\t\t\t\t\tlines: 13,\r\n\t\t\t\t\tcolor: 'rgba(0, 0, 0, .75)',\r\n\t\t\t\t\tclassName: 'fotorama',\r\n\t\t\t\t},\r\n\t\t\t\t\t\t\t\tautoplay : 5000,\r\n\t\t\t\t\t\t\t});\r\n\t\t});\r\n\t\t\r\n\t\tjQuery('.fotorama__stage').addClass('hvr-grow');\r\n\t});\r\n\t<\/script>\r\n\t[\/vc_column_text][\/vc_column][vc_column width=&#8221;1\/2&#8243;][vc_empty_space height=&#8221;10px&#8221;][vc_column_text]\u0130\u00e7erik: Marine Edilmi\u015f Karides, Ay\u00e7i\u00e7ek Ya\u011f\u0131.<\/p>\n<p>Raf \u00d6mr\u00fc: 6 Ay[\/vc_column_text][\/vc_column][\/vc_row][vc_row][vc_column][vc_empty_space][\/vc_column][\/vc_row]<\/p>\n<\/div>","protected":false},"excerpt":{"rendered":"<p>[vc_row][vc_column width=&#8221;1\/2&#8243;][vc_column_text][\/vc_column_text][\/vc_column][vc_column width=&#8221;1\/2&#8243;][vc_empty_space height=&#8221;10px&#8221;][vc_column_text]\u0130\u00e7erik: Marine Edilmi\u015f Karides, Ay\u00e7i\u00e7ek Ya\u011f\u0131. Raf \u00d6mr\u00fc: 6 Ay[\/vc_column_text][\/vc_column][\/vc_row][vc_row][vc_column][vc_empty_space][\/vc_column][\/vc_row]<\/p>\n","protected":false},"author":1,"featured_media":0,"parent":0,"menu_order":0,"comment_status":"closed","ping_status":"closed","template":"","meta":{"inline_featured_image":false,"footnotes":""},"class_list":["post-2285","page","type-page","status-publish","hentry"],"_links":{"self":[{"href":"https:\/\/sahin.rateltech.com\/index.php\/wp-json\/wp\/v2\/pages\/2285","targetHints":{"allow":["GET"]}}],"collection":[{"href":"https:\/\/sahin.rateltech.com\/index.php\/wp-json\/wp\/v2\/pages"}],"about":[{"href":"https:\/\/sahin.rateltech.com\/index.php\/wp-json\/wp\/v2\/types\/page"}],"author":[{"embeddable":true,"href":"https:\/\/sahin.rateltech.com\/index.php\/wp-json\/wp\/v2\/users\/1"}],"replies":[{"embeddable":true,"href":"https:\/\/sahin.rateltech.com\/index.php\/wp-json\/wp\/v2\/comments?post=2285"}],"version-history":[{"count":6,"href":"https:\/\/sahin.rateltech.com\/index.php\/wp-json\/wp\/v2\/pages\/2285\/revisions"}],"predecessor-version":[{"id":2466,"href":"https:\/\/sahin.rateltech.com\/index.php\/wp-json\/wp\/v2\/pages\/2285\/revisions\/2466"}],"wp:attachment":[{"href":"https:\/\/sahin.rateltech.com\/index.php\/wp-json\/wp\/v2\/media?parent=2285"}],"curies":[{"name":"wp","href":"https:\/\/api.w.org\/{rel}","templated":true}]}}