{"id":2292,"date":"2024-03-08T13:50:51","date_gmt":"2024-03-08T13:50:51","guid":{"rendered":"https:\/\/sahin.rateltech.com\/?page_id=2292"},"modified":"2024-03-09T09:20:29","modified_gmt":"2024-03-09T09:20:29","slug":"marinat-8","status":"publish","type":"page","link":"https:\/\/sahin.rateltech.com\/index.php\/marinat-8\/","title":{"rendered":"SOMON YUMURTASI (HAVYAR)"},"content":{"rendered":"<div class=\"wpb-content-wrapper\"><p>[vc_row][vc_column width=&#8221;1\/2&#8243;][vc_column_text]\t\t<div class=\"fotorama responsive-image-silder\"\r\n\t\t\tdata-width=100%\t\t\t\t\t\t\t\t\tdata-height=\"\"\t\t\t\t\t\t\t\t\t\t\t\t\t\t\t\t\t\tdata-nav=thumbs\t\t\t\t\t\tdata-navposition=bottom\t\t\t\t\t\t\t\t\t\t\t\tdata-thumbborderwidth=3\t\t\tdata-allowfullscreen=true\t\t\tdata-fit=cover\t\t\tdata-thumbfit=cover\t\t\tdata-transition=crossfade\t\t\tdata-click=true\t\t\tdata-transitionduration=300\t\t\tfalse\t\t\ttitle\t\t\tdata-hash=false\t\t\tdata-autoplay=true\t\t\tdata-stopautoplayontouch=false\t\t\tdata-loop=true\t\t\tdata-keyboard=true\t\t\tdata-arrows=true\t\t\tdata-click=true\t\t\tdata-swipe=true\t\t\tdata-trackpad=true\t\t\tdata-shuffle=false\t\t\tdata-direction=ltr\t\t\tdata-spinner=true\t\t\t>\r\n\t\t\t<img decoding=\"async\" src=\"https:\/\/sahin.rateltech.com\/wp-content\/uploads\/2024\/03\/HAVYAR_1.webp\" data-caption=\"\" alt=\"HAVYAR_1\"><img decoding=\"async\" src=\"https:\/\/sahin.rateltech.com\/wp-content\/uploads\/2024\/03\/HAVYAR_2.webp\" data-caption=\"\" alt=\"HAVYAR_2\"><img decoding=\"async\" src=\"https:\/\/sahin.rateltech.com\/wp-content\/uploads\/2024\/03\/HAVYAR_3.webp\" data-caption=\"\" alt=\"HAVYAR_3\">\t\t<\/div>\r\n\t\t\t<!-- HTML Script Part Start From Here-->\r\n\t<script>\r\n\tjQuery(document).ready(function() {\r\n\t\tjQuery(function () {\r\n\t\t\tjQuery('.responsive-image-silder').fotorama({\r\n\t\t\t\tspinner: {\r\n\t\t\t\t\tlines: 13,\r\n\t\t\t\t\tcolor: 'rgba(0, 0, 0, .75)',\r\n\t\t\t\t\tclassName: 'fotorama',\r\n\t\t\t\t},\r\n\t\t\t\t\t\t\t\tautoplay : 5000,\r\n\t\t\t\t\t\t\t});\r\n\t\t});\r\n\t\t\r\n\t\tjQuery('.fotorama__stage').addClass('hvr-grow');\r\n\t});\r\n\t<\/script>\r\n\t[\/vc_column_text][\/vc_column][vc_column width=&#8221;1\/2&#8243;][vc_column_text]<strong>Ticari Ad\u0131:<\/strong>\u00a0Somon Yumurtas\u0131 (Havyar\u0131)<\/p>\n<p><strong>\u00dcr\u00fcn:\u00a0<\/strong>Taze veya Donuk, gonad veya taneli<\/p>\n<p><strong>Glaze<\/strong>: 0 veya talebe g\u00f6re<\/p>\n<p><strong>Ambalaj \u015eekli:<\/strong> \u00a0<strong>Donuk:<\/strong> 0,1 \u2013 5 kg plastik kapakl\u0131 tabak, cam kavanoz, konserve, 2 &#8211; 20 kg karton koli veya talebe g\u00f6re<\/p>\n<p><strong>Taze:<\/strong> 0,1 &#8211; 10 kg plastik, cam veya konserve, 2 \u2013 20 kg strafor kutuda jel buzlu veya talebe g\u00f6re[\/vc_column_text][\/vc_column][\/vc_row][vc_row][vc_column][vc_empty_space][\/vc_column][\/vc_row]<\/p>\n<\/div>","protected":false},"excerpt":{"rendered":"<p>[vc_row][vc_column width=&#8221;1\/2&#8243;][vc_column_text][\/vc_column_text][\/vc_column][vc_column width=&#8221;1\/2&#8243;][vc_column_text]Ticari Ad\u0131:\u00a0Somon Yumurtas\u0131 (Havyar\u0131) \u00dcr\u00fcn:\u00a0Taze veya Donuk, gonad veya taneli Glaze: 0 veya talebe g\u00f6re Ambalaj \u015eekli: \u00a0Donuk: 0,1 \u2013 5 kg plastik kapakl\u0131 tabak, cam kavanoz, konserve, 2 &#8211; 20&#8230;<\/p>\n","protected":false},"author":1,"featured_media":0,"parent":0,"menu_order":0,"comment_status":"closed","ping_status":"closed","template":"","meta":{"inline_featured_image":false,"footnotes":""},"class_list":["post-2292","page","type-page","status-publish","hentry"],"_links":{"self":[{"href":"https:\/\/sahin.rateltech.com\/index.php\/wp-json\/wp\/v2\/pages\/2292","targetHints":{"allow":["GET"]}}],"collection":[{"href":"https:\/\/sahin.rateltech.com\/index.php\/wp-json\/wp\/v2\/pages"}],"about":[{"href":"https:\/\/sahin.rateltech.com\/index.php\/wp-json\/wp\/v2\/types\/page"}],"author":[{"embeddable":true,"href":"https:\/\/sahin.rateltech.com\/index.php\/wp-json\/wp\/v2\/users\/1"}],"replies":[{"embeddable":true,"href":"https:\/\/sahin.rateltech.com\/index.php\/wp-json\/wp\/v2\/comments?post=2292"}],"version-history":[{"count":6,"href":"https:\/\/sahin.rateltech.com\/index.php\/wp-json\/wp\/v2\/pages\/2292\/revisions"}],"predecessor-version":[{"id":2505,"href":"https:\/\/sahin.rateltech.com\/index.php\/wp-json\/wp\/v2\/pages\/2292\/revisions\/2505"}],"wp:attachment":[{"href":"https:\/\/sahin.rateltech.com\/index.php\/wp-json\/wp\/v2\/media?parent=2292"}],"curies":[{"name":"wp","href":"https:\/\/api.w.org\/{rel}","templated":true}]}}