{"id":415,"date":"2015-11-17T04:19:36","date_gmt":"2015-11-17T04:19:36","guid":{"rendered":"http:\/\/logistics.stylemixthemes.com\/\/?page_id=415"},"modified":"2024-03-09T13:20:47","modified_gmt":"2024-03-09T13:20:47","slug":"about-us","status":"publish","type":"page","link":"https:\/\/sahin.rateltech.com\/index.php\/about-us\/","title":{"rendered":"HAKKIMIZDA"},"content":{"rendered":"<div class=\"wpb-content-wrapper\"><p>[vc_row][vc_column][vc_single_image image=&#8221;2528&#8243; img_size=&#8221;1920&#215;1000&#8243;][vc_empty_space][\/vc_column][\/vc_row][vc_row][vc_column][vc_column_text css=&#8221;.vc_custom_1709990437489{margin-bottom: 30px !important;}&#8221;]<\/p>\n<p class=\"p1\"><span style=\"font-size: 14pt;\"><b>Hakk\u0131m\u0131zda<\/b><\/span><\/p>\n<p class=\"p2\"><span style=\"font-size: 14pt;\">1989 y\u0131l\u0131ndan bu yana bal\u0131k\u00e7\u0131l\u0131k sekt\u00f6r\u00fcn\u00fcn bir\u00e7ok alan\u0131nda hizmet veren Mehmet \u015eahin \u00c7AKAN, 2005 y\u0131l\u0131nda kendisine ait nakliye firmas\u0131n\u0131 kurdu. B\u00f6ylelikle teknelerin tedarik etti\u011fi bal\u0131klar\u0131 kendi filosu \u00fczerinden so\u011fuk zincirde ta\u015f\u0131maya ba\u015flad\u0131. 2007 y\u0131l\u0131nda Mehmet \u015eahin \u00c7akan Bal\u0131k\u00e7\u0131l\u0131k Ltd. \u015eti.\u2019ni kurarak 1 bal\u0131k\u00e7\u0131 gemisiyle ba\u015flam\u0131\u015f oldu\u011fu faaliyetine 100\u2019den fazla tekneden olu\u015fan bal\u0131k\u00e7\u0131 filosuyla devam etmektedir.<\/span><\/p>\n<p class=\"p2\"><span style=\"font-size: 14pt;\">2012 y\u0131l\u0131nda So\u011fuk Hava Bal\u0131k \u0130\u015fleme Tesisini kuran Mehmet \u015eahin \u00c7akan, 2016 y\u0131l\u0131nda b\u00fcy\u00fctt\u00fc\u011f\u00fc ve modernize etti\u011fi Bal\u0131k \u0130\u015fleme Tesisinden; Yunanistan, \u0130talya, \u00c7in Halk Cumhuriyeti, Bel\u00e7ika, Fransa, Kuveyt, Katar, L\u00fcbnan ve Kuzey K\u0131br\u0131s T\u00fcrk Cumhuriyeti olmak \u00fczere bir\u00e7ok \u00fclkeye ihracata ba\u015flad\u0131. 2023 y\u0131l\u0131ndan itibaren Bel\u00e7ika\u2019da faaliyet g\u00f6steren Fishmate \u015eirketi\u2019yle i\u015fbirli\u011fi yaparak Avrupa pazar\u0131ndaki pay\u0131n\u0131 art\u0131rmay\u0131 hedeflemektedir<\/span><\/p>\n<p class=\"p2\"><span style=\"font-size: 14pt;\">Bir yandan ticari faaliyetlerini s\u00fcrd\u00fcren \u00c7akan, di\u011fer taraftan su \u00fcr\u00fcnleri sekt\u00f6r\u00fcne katk\u0131 sa\u011flayan ekonomik ve sosyal sorumluluk kurulu\u015flar\u0131nda aktif rol oynamaktad\u0131r. 2010 y\u0131l\u0131nda \u0130zmir Bal\u0131k\u00e7\u0131 \u0130\u015f Adamlar\u0131 Dernek Ba\u015fkanl\u0131\u011f\u0131na se\u00e7ilen Mehmet \u015eahin \u00c7AKAN, 2013 y\u0131l\u0131nda \u0130zmir Ticaret Odas\u0131 Meclis \u00fcyeli\u011fine, 2018 y\u0131l\u0131nda \u0130zmir Ticaret Odas\u0131 Y\u00f6netim Kurulu\u2019na se\u00e7ildi. 2018 y\u0131l\u0131ndan itibaren \u0130zmir Su \u00dcr\u00fcnleri \u00c7al\u0131\u015fma Grubu Ba\u015fkanl\u0131\u011f\u0131, 2022 y\u0131l\u0131ndan beri \u0130zmir Ticaret Odas\u0131 Tar\u0131m Komisyonu Ba\u015fkanl\u0131\u011f\u0131 yapmaktad\u0131r. 2020 y\u0131l\u0131ndan beri \u0130zmir Ekonomi \u00dcniversitesi Vak\u0131f M\u00fctevelli Heyeti \u00dcyeli\u011fi, 2022 y\u0131l\u0131ndan itibaren de Ege \u0130hracat\u00e7\u0131lar\u0131 Birli\u011fi Hayvansal Mam\u00fcller Y\u00f6netim Kurulu \u00dcyesi g\u00f6revlerini y\u00fcr\u00fctmektedir. Bir y\u0131ld\u0131r da Dikili Tar\u0131ma Dayal\u0131 \u0130htisas Sera (Jeotermal Kaynakl\u0131) Organize Sanayi B\u00f6lgesi Y\u00f6netim Kurulu Ba\u015fkan\u0131 olarak g\u00f6revini y\u00fcr\u00fctmektedir.<\/span><\/p>\n<p class=\"p2\" style=\"text-align: justify;\"><span style=\"font-size: 14pt;\">Bal\u0131k\u00e7\u0131l\u0131k sekt\u00f6r\u00fcnde \u00fcr\u00fcn \u00e7e\u015fitlili\u011fini art\u0131rarak, do\u011fal ve kaliteli \u00fcr\u00fcnleriyle daha geni\u015f co\u011frafyalara hizmet vermeyi hedef edinen Mehmet \u015eahin \u00c7AKAN, \u015eahin Grup b\u00fcnyesinde, deniz \u00fcr\u00fcnlerinin avc\u0131l\u0131\u011f\u0131, lojisti\u011fi, toptanc\u0131l\u0131\u011f\u0131, so\u011fuk hava depoculu\u011fu, i\u015flemecili\u011fi ve \u00f6zellikle ihracat odakl\u0131 da\u011f\u0131t\u0131m ve pazarlama faaliyetleriyle entegre \u015fekilde hizmet vermeye devam etmektedir.<\/span><\/p>\n<p>[\/vc_column_text][\/vc_column][\/vc_row]<\/p>\n<\/div>","protected":false},"excerpt":{"rendered":"<p>[vc_row][vc_column][vc_single_image image=&#8221;2528&#8243; img_size=&#8221;1920&#215;1000&#8243;][vc_empty_space][\/vc_column][\/vc_row][vc_row][vc_column][vc_column_text css=&#8221;.vc_custom_1709990437489{margin-bottom: 30px !important;}&#8221;] Hakk\u0131m\u0131zda 1989 y\u0131l\u0131ndan bu yana bal\u0131k\u00e7\u0131l\u0131k sekt\u00f6r\u00fcn\u00fcn bir\u00e7ok alan\u0131nda hizmet veren Mehmet \u015eahin \u00c7AKAN, 2005 y\u0131l\u0131nda kendisine ait nakliye firmas\u0131n\u0131 kurdu. B\u00f6ylelikle teknelerin tedarik etti\u011fi bal\u0131klar\u0131 kendi&#8230;<\/p>\n","protected":false},"author":1,"featured_media":0,"parent":0,"menu_order":0,"comment_status":"closed","ping_status":"closed","template":"","meta":{"inline_featured_image":false,"footnotes":""},"class_list":["post-415","page","type-page","status-publish","hentry"],"_links":{"self":[{"href":"https:\/\/sahin.rateltech.com\/index.php\/wp-json\/wp\/v2\/pages\/415","targetHints":{"allow":["GET"]}}],"collection":[{"href":"https:\/\/sahin.rateltech.com\/index.php\/wp-json\/wp\/v2\/pages"}],"about":[{"href":"https:\/\/sahin.rateltech.com\/index.php\/wp-json\/wp\/v2\/types\/page"}],"author":[{"embeddable":true,"href":"https:\/\/sahin.rateltech.com\/index.php\/wp-json\/wp\/v2\/users\/1"}],"replies":[{"embeddable":true,"href":"https:\/\/sahin.rateltech.com\/index.php\/wp-json\/wp\/v2\/comments?post=415"}],"version-history":[{"count":15,"href":"https:\/\/sahin.rateltech.com\/index.php\/wp-json\/wp\/v2\/pages\/415\/revisions"}],"predecessor-version":[{"id":2627,"href":"https:\/\/sahin.rateltech.com\/index.php\/wp-json\/wp\/v2\/pages\/415\/revisions\/2627"}],"wp:attachment":[{"href":"https:\/\/sahin.rateltech.com\/index.php\/wp-json\/wp\/v2\/media?parent=415"}],"curies":[{"name":"wp","href":"https:\/\/api.w.org\/{rel}","templated":true}]}}