{"id":442,"date":"2015-11-17T05:09:58","date_gmt":"2015-11-17T05:09:58","guid":{"rendered":"http:\/\/logistics.stylemixthemes.com\/\/?page_id=442"},"modified":"2024-03-09T08:26:38","modified_gmt":"2024-03-09T08:26:38","slug":"contacts","status":"publish","type":"page","link":"https:\/\/sahin.rateltech.com\/index.php\/contacts\/","title":{"rendered":"\u0130LET\u0130\u015e\u0130M"},"content":{"rendered":"<div class=\"wpb-content-wrapper\"><p>[vc_row css=&#8221;.vc_custom_1449207080478{margin-bottom: 60px !important;}&#8221;][vc_column offset=&#8221;vc_col-lg-4 vc_col-md-4&#8243; css=&#8221;.vc_custom_1449207085340{margin-bottom: 30px !important;}&#8221;][vc_column_text]<\/p>\n<h2>B\u0130ZE ULA\u015eIN<\/h2>\n<p>\u015eirketimiz, \u00fcr\u00fcnlerimiz ve \u00fcretim a\u015famalar\u0131m\u0131z hakk\u0131nda deteyl\u0131 bilgi almak i\u00e7in yandaki formu doldurunuz.[\/vc_column_text][\/vc_column][vc_column offset=&#8221;vc_col-lg-8 vc_col-md-8&#8243; css=&#8221;.vc_custom_1709584729259{margin-bottom: 45px !important;padding-top: 20px !important;background-color: #183650 !important;}&#8221;][vc_tta_tabs][vc_tta_section title=&#8221;\u0130hracat&#8221; tab_id=&#8221;1709972305627-6a6c0b31-28c9&#8243;]\n<div class=\"wpcf7 no-js\" id=\"wpcf7-f2369-o1\" lang=\"en-US\" dir=\"ltr\">\n<div class=\"screen-reader-response\"><p role=\"status\" aria-live=\"polite\" aria-atomic=\"true\"><\/p> <ul><\/ul><\/div>\n<form action=\"\/index.php\/wp-json\/wp\/v2\/pages\/442#wpcf7-f2369-o1\" method=\"post\" class=\"wpcf7-form init\" aria-label=\"Contact form\" novalidate=\"novalidate\" data-status=\"init\">\n<div style=\"display: none;\">\n<input type=\"hidden\" name=\"_wpcf7\" value=\"2369\" \/>\n<input type=\"hidden\" name=\"_wpcf7_version\" value=\"5.9\" \/>\n<input type=\"hidden\" name=\"_wpcf7_locale\" value=\"en_US\" \/>\n<input type=\"hidden\" name=\"_wpcf7_unit_tag\" value=\"wpcf7-f2369-o1\" \/>\n<input type=\"hidden\" name=\"_wpcf7_container_post\" value=\"0\" \/>\n<input type=\"hidden\" name=\"_wpcf7_posted_data_hash\" value=\"\" \/>\n<\/div>\n<p><!DOCTYPE html>\n<\/p>\n<html lang=\"tr\">\n\t<head>\n <meta charset=\"UTF-8\" \/>\n <meta name=\"viewport\" content=\"width=device-width, initial-scale=1.0\" \/>\n <link rel=\"stylesheet\" href=\"https:\/\/maxcdn.bootstrapcdn.com\/bootstrap\/4.0.0\/css\/bootstrap.min.css\" \/>\n\t<\/head>\n\t<body>\n\t\t<div class=\"container\">\n\t\t\t<div class=\"request_quote\">\n\t\t\t\t<div class=\"row\">\n\t\t\t\t\t<div class=\"col-lg-6 col-md-6 col-sm-6 col-xs-12\">\n\t\t\t\t\t\t<div class=\"input-group\">\n\t\t\t\t\t\t\t<p><input type=\"text\" id=\"name\" name=\"name\" placeholder=\"\u0130sim\" autocomplete=\"off\" \/>\n\t\t\t\t\t\t\t<\/p>\n\t\t\t\t\t\t<\/div>\n\t\t\t\t\t\t<div class=\"input-group\">\n\t\t\t\t\t\t\t<p><input type=\"text\" id=\"surname\" name=\"surname\" placeholder=\"Soyisim\" autocomplete=\"off\" \/>\n\t\t\t\t\t\t\t<\/p>\n\t\t\t\t\t\t<\/div>\n\t\t\t\t\t\t<div class=\"input-group\">\n\t\t\t\t\t\t\t<p><input type=\"text\" id=\"phone\" name=\"phone\" placeholder=\"Telefon Numaras\u0131\" autocomplete=\"off\" \/>\n\t\t\t\t\t\t\t<\/p>\n\t\t\t\t\t\t<\/div>\n\t\t\t\t\t<\/div>\n\t\t\t\t\t<div class=\"col-lg-6 col-md-6 col-sm-6 col-xs-12\">\n\t\t\t\t\t\t<div class=\"input-group\">\n\t\t\t\t\t\t\t<p><input type=\"email\" id=\"email\" name=\"email\" placeholder=\"Email\" autocomplete=\"off\" \/>\n\t\t\t\t\t\t\t<\/p>\n\t\t\t\t\t\t<\/div>\n\t\t\t\t\t\t<div class=\"input-group\">\n\t\t\t\t\t\t\t<p><textarea id=\"message\" name=\"message\" placeholder=\"Mesaj\" autocomplete=\"off\"><\/textarea>\n\t\t\t\t\t\t\t<\/p>\n\t\t\t\t\t\t<\/div>\n\t\t\t\t\t\t<div class=\"input-group\">\n\t\t\t\t\t\t\t<p><button class=\"button size-sm fullwidth black-text theme-wpcf7-submit\" onclick=\"sendEmail()\">G\u00f6nder <i class=\"stm-arrow-next\"><\/i><\/button>\n\t\t\t\t\t\t\t<\/p>\n\t\t\t\t\t\t<\/div>\n\t\t\t\t\t<\/div>\n\t\t\t\t<\/div>\n\t\t\t<\/div>\n\t\t<\/div>\n\t\t<p><script>\n function sendEmail() {\n \/\/ Form verilerini al\n var name = document.getElementById(\"name\").value;\n var surname = document.getElementById(\"surname\").value;\n var phone = document.getElementById(\"phone\").value;\n var email = document.getElementById(\"email\").value;\n var message = document.getElementById(\"message\").value;\n\n \/\/ Bo\u015f alan kontrol\u00fc yap\n if (name === '' || surname === '' || phone === '' || email === '' || message === '') {\n alert(\"L\u00fctfen t\u00fcm alanlar\u0131 doldurun.\");\n return;\n }\n\n \/\/ Form verilerini i\u015fle ve mail g\u00f6nder\n \/\/ ...\n }\n <\/script>\n\t\t<\/p>\n\t<\/body>\n<\/html><p style=\"display: none !important;\" class=\"akismet-fields-container\" data-prefix=\"_wpcf7_ak_\"><label>&#916;<textarea name=\"_wpcf7_ak_hp_textarea\" cols=\"45\" rows=\"8\" maxlength=\"100\"><\/textarea><\/label><input type=\"hidden\" id=\"ak_js_1\" name=\"_wpcf7_ak_js\" value=\"237\"\/><script>document.getElementById( \"ak_js_1\" ).setAttribute( \"value\", ( new Date() ).getTime() );<\/script><\/p><div class=\"wpcf7-response-output\" aria-hidden=\"true\"><\/div>\n<\/form>\n<\/div>\n[\/vc_tta_section][vc_tta_section title=&#8221;Sat\u0131\u015f&#8221; tab_id=&#8221;1709972305627-c7561665-92bf&#8221;]\n<div class=\"wpcf7 no-js\" id=\"wpcf7-f2367-o2\" lang=\"en-US\" dir=\"ltr\">\n<div class=\"screen-reader-response\"><p role=\"status\" aria-live=\"polite\" aria-atomic=\"true\"><\/p> <ul><\/ul><\/div>\n<form action=\"\/index.php\/wp-json\/wp\/v2\/pages\/442#wpcf7-f2367-o2\" method=\"post\" class=\"wpcf7-form init\" aria-label=\"Contact form\" novalidate=\"novalidate\" data-status=\"init\">\n<div style=\"display: none;\">\n<input type=\"hidden\" name=\"_wpcf7\" value=\"2367\" \/>\n<input type=\"hidden\" name=\"_wpcf7_version\" value=\"5.9\" \/>\n<input type=\"hidden\" name=\"_wpcf7_locale\" value=\"en_US\" \/>\n<input type=\"hidden\" name=\"_wpcf7_unit_tag\" value=\"wpcf7-f2367-o2\" \/>\n<input type=\"hidden\" name=\"_wpcf7_container_post\" value=\"0\" \/>\n<input type=\"hidden\" name=\"_wpcf7_posted_data_hash\" value=\"\" \/>\n<\/div>\n<p><!DOCTYPE html>\n<\/p>\n<html lang=\"tr\">\n\t<head>\n <meta charset=\"UTF-8\" \/>\n <meta name=\"viewport\" content=\"width=device-width, initial-scale=1.0\" \/>\n <link rel=\"stylesheet\" href=\"https:\/\/maxcdn.bootstrapcdn.com\/bootstrap\/4.0.0\/css\/bootstrap.min.css\" \/>\n\t<\/head>\n\t<body>\n\t\t<div class=\"container\">\n\t\t\t<div class=\"request_quote\">\n\t\t\t\t<div class=\"row\">\n\t\t\t\t\t<div class=\"col-lg-6 col-md-6 col-sm-6 col-xs-12\">\n\t\t\t\t\t\t<div class=\"input-group\">\n\t\t\t\t\t\t\t<p><input type=\"text\" id=\"name\" name=\"name\" placeholder=\"\u0130sim\" autocomplete=\"off\" \/>\n\t\t\t\t\t\t\t<\/p>\n\t\t\t\t\t\t<\/div>\n\t\t\t\t\t\t<div class=\"input-group\">\n\t\t\t\t\t\t\t<p><input type=\"text\" id=\"surname\" name=\"surname\" placeholder=\"Soyisim\" autocomplete=\"off\" \/>\n\t\t\t\t\t\t\t<\/p>\n\t\t\t\t\t\t<\/div>\n\t\t\t\t\t\t<div class=\"input-group\">\n\t\t\t\t\t\t\t<p><input type=\"text\" id=\"phone\" name=\"phone\" placeholder=\"Telefon Numaras\u0131\" autocomplete=\"off\" \/>\n\t\t\t\t\t\t\t<\/p>\n\t\t\t\t\t\t<\/div>\n\t\t\t\t\t<\/div>\n\t\t\t\t\t<div class=\"col-lg-6 col-md-6 col-sm-6 col-xs-12\">\n\t\t\t\t\t\t<div class=\"input-group\">\n\t\t\t\t\t\t\t<p><input type=\"email\" id=\"email\" name=\"email\" placeholder=\"Email\" autocomplete=\"off\" \/>\n\t\t\t\t\t\t\t<\/p>\n\t\t\t\t\t\t<\/div>\n\t\t\t\t\t\t<div class=\"input-group\">\n\t\t\t\t\t\t\t<p><textarea id=\"message\" name=\"message\" placeholder=\"Mesaj\" autocomplete=\"off\"><\/textarea>\n\t\t\t\t\t\t\t<\/p>\n\t\t\t\t\t\t<\/div>\n\t\t\t\t\t\t<div class=\"input-group\">\n\t\t\t\t\t\t\t<p><button class=\"button size-sm fullwidth black-text theme-wpcf7-submit\" onclick=\"sendEmail()\">G\u00f6nder <i class=\"stm-arrow-next\"><\/i><\/button>\n\t\t\t\t\t\t\t<\/p>\n\t\t\t\t\t\t<\/div>\n\t\t\t\t\t<\/div>\n\t\t\t\t<\/div>\n\t\t\t<\/div>\n\t\t<\/div>\n\t\t<p><script>\n function sendEmail() {\n \/\/ Form verilerini al\n var name = document.getElementById(\"name\").value;\n var surname = document.getElementById(\"surname\").value;\n var phone = document.getElementById(\"phone\").value;\n var email = document.getElementById(\"email\").value;\n var message = document.getElementById(\"message\").value;\n\n \/\/ Bo\u015f alan kontrol\u00fc yap\n if (name === '' || surname === '' || phone === '' || email === '' || message === '') {\n alert(\"L\u00fctfen t\u00fcm alanlar\u0131 doldurun.\");\n return;\n }\n\n \/\/ Form verilerini i\u015fle ve mail g\u00f6nder\n \/\/ ...\n }\n <\/script>\n\t\t<\/p>\n\t<\/body>\n<\/html><p style=\"display: none !important;\" class=\"akismet-fields-container\" data-prefix=\"_wpcf7_ak_\"><label>&#916;<textarea name=\"_wpcf7_ak_hp_textarea\" cols=\"45\" rows=\"8\" maxlength=\"100\"><\/textarea><\/label><input type=\"hidden\" id=\"ak_js_2\" name=\"_wpcf7_ak_js\" value=\"81\"\/><script>document.getElementById( \"ak_js_2\" ).setAttribute( \"value\", ( new Date() ).getTime() );<\/script><\/p><div class=\"wpcf7-response-output\" aria-hidden=\"true\"><\/div>\n<\/form>\n<\/div>\n[\/vc_tta_section][vc_tta_section title=&#8221;Muhasebe&#8221; tab_id=&#8221;1709972405877-f04c91a7-74c2&#8243;]\n<div class=\"wpcf7 no-js\" id=\"wpcf7-f1632-o3\" lang=\"en-US\" dir=\"ltr\">\n<div class=\"screen-reader-response\"><p role=\"status\" aria-live=\"polite\" aria-atomic=\"true\"><\/p> <ul><\/ul><\/div>\n<form action=\"\/index.php\/wp-json\/wp\/v2\/pages\/442#wpcf7-f1632-o3\" method=\"post\" class=\"wpcf7-form init\" aria-label=\"Contact form\" novalidate=\"novalidate\" data-status=\"init\">\n<div style=\"display: none;\">\n<input type=\"hidden\" name=\"_wpcf7\" value=\"1632\" \/>\n<input type=\"hidden\" name=\"_wpcf7_version\" value=\"5.9\" \/>\n<input type=\"hidden\" name=\"_wpcf7_locale\" value=\"en_US\" \/>\n<input type=\"hidden\" name=\"_wpcf7_unit_tag\" value=\"wpcf7-f1632-o3\" \/>\n<input type=\"hidden\" name=\"_wpcf7_container_post\" value=\"0\" \/>\n<input type=\"hidden\" name=\"_wpcf7_posted_data_hash\" value=\"\" \/>\n<\/div>\n<p><!DOCTYPE html>\n<\/p>\n<html lang=\"tr\">\n\t<head>\n <meta charset=\"UTF-8\" \/>\n <meta name=\"viewport\" content=\"width=device-width, initial-scale=1.0\" \/>\n <link rel=\"stylesheet\" href=\"https:\/\/maxcdn.bootstrapcdn.com\/bootstrap\/4.0.0\/css\/bootstrap.min.css\" \/>\n\t<\/head>\n\t<body>\n\t\t<div class=\"container\">\n\t\t\t<div class=\"request_quote\">\n\t\t\t\t<div class=\"row\">\n\t\t\t\t\t<div class=\"col-lg-6 col-md-6 col-sm-6 col-xs-12\">\n\t\t\t\t\t\t<div class=\"input-group\">\n\t\t\t\t\t\t\t<p><input type=\"text\" id=\"name\" name=\"name\" placeholder=\"Name\" autocomplete=\"off\" \/>\n\t\t\t\t\t\t\t<\/p>\n\t\t\t\t\t\t<\/div>\n\t\t\t\t\t\t<div class=\"input-group\">\n\t\t\t\t\t\t\t<p><input type=\"text\" id=\"surname\" name=\"surname\" placeholder=\"Surname\" autocomplete=\"off\" \/>\n\t\t\t\t\t\t\t<\/p>\n\t\t\t\t\t\t<\/div>\n\t\t\t\t\t\t<div class=\"input-group\">\n\t\t\t\t\t\t\t<p><input type=\"text\" id=\"phone\" name=\"phone\" placeholder=\"Phone Number\" autocomplete=\"off\" \/>\n\t\t\t\t\t\t\t<\/p>\n\t\t\t\t\t\t<\/div>\n\t\t\t\t\t<\/div>\n\t\t\t\t\t<div class=\"col-lg-6 col-md-6 col-sm-6 col-xs-12\">\n\t\t\t\t\t\t<div class=\"input-group\">\n\t\t\t\t\t\t\t<p><input type=\"email\" id=\"email\" name=\"email\" placeholder=\"Email\" autocomplete=\"off\" \/>\n\t\t\t\t\t\t\t<\/p>\n\t\t\t\t\t\t<\/div>\n\t\t\t\t\t\t<div class=\"input-group\">\n\t\t\t\t\t\t\t<p><textarea id=\"message\" name=\"message\" placeholder=\"Message\" autocomplete=\"off\"><\/textarea>\n\t\t\t\t\t\t\t<\/p>\n\t\t\t\t\t\t<\/div>\n\t\t\t\t\t\t<div class=\"input-group\">\n\t\t\t\t\t\t\t<p><button class=\"button size-sm fullwidth black-text theme-wpcf7-submit\" onclick=\"sendEmail()\">Submit <i class=\"stm-arrow-next\"><\/i><\/button>\n\t\t\t\t\t\t\t<\/p>\n\t\t\t\t\t\t<\/div>\n\t\t\t\t\t<\/div>\n\t\t\t\t<\/div>\n\t\t\t<\/div>\n\t\t<\/div>\n\t\t<p><script>\n function sendEmail() {\n \/\/ Form verilerini al\n var name = document.getElementById(\"name\").value;\n var surname = document.getElementById(\"surname\").value;\n var phone = document.getElementById(\"phone\").value;\n var email = document.getElementById(\"email\").value;\n var message = document.getElementById(\"message\").value;\n\n \/\/ Bo\u015f alan kontrol\u00fc yap\n if (name === \"\" || surname === \"\" || phone === \"\" || email === \"\" || message === \"\") {\n alert(\"L\u00fctfen t\u00fcm alanlar\u0131 doldurun.\");\n return;\n }\n\n \/\/ Form verilerini i\u015fle ve mail g\u00f6nder\n \/\/ ...\n }\n <\/script>\n\t\t<\/p>\n\t<\/body>\n<\/html><p style=\"display: none !important;\" class=\"akismet-fields-container\" data-prefix=\"_wpcf7_ak_\"><label>&#916;<textarea name=\"_wpcf7_ak_hp_textarea\" cols=\"45\" rows=\"8\" maxlength=\"100\"><\/textarea><\/label><input type=\"hidden\" id=\"ak_js_3\" name=\"_wpcf7_ak_js\" value=\"78\"\/><script>document.getElementById( \"ak_js_3\" ).setAttribute( \"value\", ( new Date() ).getTime() );<\/script><\/p><div class=\"wpcf7-response-output\" aria-hidden=\"true\"><\/div>\n<\/form>\n<\/div>\n[\/vc_tta_section][vc_tta_section title=&#8221;\u0130nsan Kaynaklar\u0131&#8221; tab_id=&#8221;1709972407380-30b890f2-925e&#8221;]\n<div class=\"wpcf7 no-js\" id=\"wpcf7-f2368-o4\" lang=\"en-US\" dir=\"ltr\">\n<div class=\"screen-reader-response\"><p role=\"status\" aria-live=\"polite\" aria-atomic=\"true\"><\/p> <ul><\/ul><\/div>\n<form action=\"\/index.php\/wp-json\/wp\/v2\/pages\/442#wpcf7-f2368-o4\" method=\"post\" class=\"wpcf7-form init\" aria-label=\"Contact form\" novalidate=\"novalidate\" data-status=\"init\">\n<div style=\"display: none;\">\n<input type=\"hidden\" name=\"_wpcf7\" value=\"2368\" \/>\n<input type=\"hidden\" name=\"_wpcf7_version\" value=\"5.9\" \/>\n<input type=\"hidden\" name=\"_wpcf7_locale\" value=\"en_US\" \/>\n<input type=\"hidden\" name=\"_wpcf7_unit_tag\" value=\"wpcf7-f2368-o4\" \/>\n<input type=\"hidden\" name=\"_wpcf7_container_post\" value=\"0\" \/>\n<input type=\"hidden\" name=\"_wpcf7_posted_data_hash\" value=\"\" \/>\n<\/div>\n<p><!DOCTYPE html>\n<\/p>\n<html lang=\"tr\">\n\t<head>\n <meta charset=\"UTF-8\" \/>\n <meta name=\"viewport\" content=\"width=device-width, initial-scale=1.0\" \/>\n <link rel=\"stylesheet\" href=\"https:\/\/maxcdn.bootstrapcdn.com\/bootstrap\/4.0.0\/css\/bootstrap.min.css\" \/>\n\t<\/head>\n\t<body>\n\t\t<div class=\"container\">\n\t\t\t<div class=\"request_quote\">\n\t\t\t\t<div class=\"row\">\n\t\t\t\t\t<div class=\"col-lg-6 col-md-6 col-sm-6 col-xs-12\">\n\t\t\t\t\t\t<div class=\"input-group\">\n\t\t\t\t\t\t\t<p><input type=\"text\" id=\"name\" name=\"name\" placeholder=\"\u0130sim\" autocomplete=\"off\" \/>\n\t\t\t\t\t\t\t<\/p>\n\t\t\t\t\t\t<\/div>\n\t\t\t\t\t\t<div class=\"input-group\">\n\t\t\t\t\t\t\t<p><input type=\"text\" id=\"surname\" name=\"surname\" placeholder=\"Soyisim\" autocomplete=\"off\" \/>\n\t\t\t\t\t\t\t<\/p>\n\t\t\t\t\t\t<\/div>\n\t\t\t\t\t\t<div class=\"input-group\">\n\t\t\t\t\t\t\t<p><input type=\"text\" id=\"phone\" name=\"phone\" placeholder=\"Telefon Numaras\u0131\" autocomplete=\"off\" \/>\n\t\t\t\t\t\t\t<\/p>\n\t\t\t\t\t\t<\/div>\n\t\t\t\t\t<\/div>\n\t\t\t\t\t<div class=\"col-lg-6 col-md-6 col-sm-6 col-xs-12\">\n\t\t\t\t\t\t<div class=\"input-group\">\n\t\t\t\t\t\t\t<p><input type=\"email\" id=\"email\" name=\"email\" placeholder=\"Email\" autocomplete=\"off\" \/>\n\t\t\t\t\t\t\t<\/p>\n\t\t\t\t\t\t<\/div>\n\t\t\t\t\t\t<div class=\"input-group\">\n\t\t\t\t\t\t\t<p><textarea id=\"message\" name=\"message\" placeholder=\"Mesaj\" autocomplete=\"off\"><\/textarea>\n\t\t\t\t\t\t\t<\/p>\n\t\t\t\t\t\t<\/div>\n\t\t\t\t\t\t<div class=\"input-group\">\n\t\t\t\t\t\t\t<p><button class=\"button size-sm fullwidth black-text theme-wpcf7-submit\" onclick=\"sendEmail()\">G\u00f6nder <i class=\"stm-arrow-next\"><\/i><\/button>\n\t\t\t\t\t\t\t<\/p>\n\t\t\t\t\t\t<\/div>\n\t\t\t\t\t<\/div>\n\t\t\t\t<\/div>\n\t\t\t<\/div>\n\t\t<\/div>\n\t\t<p><script>\n function sendEmail() {\n \/\/ Form verilerini al\n var name = document.getElementById(\"name\").value;\n var surname = document.getElementById(\"surname\").value;\n var phone = document.getElementById(\"phone\").value;\n var email = document.getElementById(\"email\").value;\n var message = document.getElementById(\"message\").value;\n\n \/\/ Bo\u015f alan kontrol\u00fc yap\n if (name === '' || surname === '' || phone === '' || email === '' || message === '') {\n alert(\"L\u00fctfen t\u00fcm alanlar\u0131 doldurun.\");\n return;\n }\n\n \/\/ Form verilerini i\u015fle ve mail g\u00f6nder\n \/\/ ...\n }\n <\/script>\n\t\t<\/p>\n\t<\/body>\n<\/html><p style=\"display: none !important;\" class=\"akismet-fields-container\" data-prefix=\"_wpcf7_ak_\"><label>&#916;<textarea name=\"_wpcf7_ak_hp_textarea\" cols=\"45\" rows=\"8\" maxlength=\"100\"><\/textarea><\/label><input type=\"hidden\" id=\"ak_js_4\" name=\"_wpcf7_ak_js\" value=\"201\"\/><script>document.getElementById( \"ak_js_4\" ).setAttribute( \"value\", ( new Date() ).getTime() );<\/script><\/p><div class=\"wpcf7-response-output\" aria-hidden=\"true\"><\/div>\n<\/form>\n<\/div>\n[\/vc_tta_section][\/vc_tta_tabs][\/vc_column][\/vc_row][vc_row full_width=&#8221;stretch_row_content_no_spaces&#8221; css=&#8221;.vc_custom_1447738052361{margin-bottom: 0px !important;}&#8221;][vc_column][vc_gmaps link=&#8221;#E-8_JTNDaWZyYW1lJTIwc3JjJTNEJTIyaHR0cHMlM0ElMkYlMkZ3d3cuZ29vZ2xlLmNvbSUyRm1hcHMlMkZkJTJGdSUyRjElMkZlbWJlZCUzRm1pZCUzRDFoZWNmb1dleTNxbVlIZTRUaldhSmJHLXY3Q3BuTzAwJTI2ZWhiYyUzRDJFMzEyRiUyNm5vcHJvZiUzRDElMjIlMjB3aWR0aCUzRCUyMjY0MCUyMiUyMGhlaWdodCUzRCUyMjQ4MCUyMiUzRSUzQyUyRmlmcmFtZSUzRQ==&#8221; size=&#8221;450px&#8221; css=&#8221;.vc_custom_1709923588619{border-radius: 35px !important;}&#8221; el_class=&#8221;metin&#8221;][\/vc_column][\/vc_row]<\/p>\n<\/div>","protected":false},"excerpt":{"rendered":"<p>[vc_row css=&#8221;.vc_custom_1449207080478{margin-bottom: 60px !important;}&#8221;][vc_column offset=&#8221;vc_col-lg-4 vc_col-md-4&#8243; css=&#8221;.vc_custom_1449207085340{margin-bottom: 30px !important;}&#8221;][vc_column_text] B\u0130ZE ULA\u015eIN \u015eirketimiz, \u00fcr\u00fcnlerimiz ve \u00fcretim a\u015famalar\u0131m\u0131z hakk\u0131nda deteyl\u0131 bilgi almak i\u00e7in yandaki formu doldurunuz.[\/vc_column_text][\/vc_column][vc_column offset=&#8221;vc_col-lg-8 vc_col-md-8&#8243; css=&#8221;.vc_custom_1709584729259{margin-bottom: 45px !important;padding-top: 20px !important;background-color: #183650 !important;}&#8221;][vc_tta_tabs][vc_tta_section&#8230;<\/p>\n","protected":false},"author":1,"featured_media":0,"parent":0,"menu_order":0,"comment_status":"closed","ping_status":"closed","template":"","meta":{"inline_featured_image":false,"footnotes":""},"class_list":["post-442","page","type-page","status-publish","hentry"],"_links":{"self":[{"href":"https:\/\/sahin.rateltech.com\/index.php\/wp-json\/wp\/v2\/pages\/442","targetHints":{"allow":["GET"]}}],"collection":[{"href":"https:\/\/sahin.rateltech.com\/index.php\/wp-json\/wp\/v2\/pages"}],"about":[{"href":"https:\/\/sahin.rateltech.com\/index.php\/wp-json\/wp\/v2\/types\/page"}],"author":[{"embeddable":true,"href":"https:\/\/sahin.rateltech.com\/index.php\/wp-json\/wp\/v2\/users\/1"}],"replies":[{"embeddable":true,"href":"https:\/\/sahin.rateltech.com\/index.php\/wp-json\/wp\/v2\/comments?post=442"}],"version-history":[{"count":9,"href":"https:\/\/sahin.rateltech.com\/index.php\/wp-json\/wp\/v2\/pages\/442\/revisions"}],"predecessor-version":[{"id":2422,"href":"https:\/\/sahin.rateltech.com\/index.php\/wp-json\/wp\/v2\/pages\/442\/revisions\/2422"}],"wp:attachment":[{"href":"https:\/\/sahin.rateltech.com\/index.php\/wp-json\/wp\/v2\/media?parent=442"}],"curies":[{"name":"wp","href":"https:\/\/api.w.org\/{rel}","templated":true}]}}